{"id":9,"date":"2025-01-29T15:32:01","date_gmt":"2025-01-29T15:32:01","guid":{"rendered":"https:\/\/esperanzarevolucion.com\/?page_id=9"},"modified":"2026-03-24T14:28:18","modified_gmt":"2026-03-24T14:28:18","slug":"get-in-touch","status":"publish","type":"page","link":"https:\/\/esperanzarevolucion.com\/es\/about\/get-in-touch\/","title":{"rendered":"Contacto"},"content":{"rendered":"<p><\/p>\n<h2>Recibe el bolet\u00edn de noticias<\/h2>\n<div id=\"form-2-wrapper\" class=\"form-wrapper\"><form method=\"POST\" action=\"https:\/\/esperanzarevolucion.com\/esperanza\/wp-admin\/admin-ajax.php\" class=\"tf_form \" id=\"form-2-form\" data-reshow_form=\"\" style=\"\"><script>var ajaxurl = \"https:\/\/esperanzarevolucion.com\/esperanza\/wp-admin\/admin-ajax.php\";<\/script><input type=\"hidden\" name=\"wp_meta_box_nonce_tf_form_87\" value=\"229ebdcfce\" \/><div class=\"form-table cmb_metabox cmb_metabox-tf_form_87 \" data-metabox-id=\"tf_form_87\" data-prefix=\"\" data-item-id=\"0\" data-object_type=\"\"><div  data-name=\"name\" class=\"cmb_field cmb-type-text cmb_id_name  required  \"><label class=\"field-title\"  for=\"field_5\" >Nombre<\/label><div data-value=\"\" class=\"cmb_cell_field\"><input class=\"\" required type=\"text\" name=\"name\" id=\"field_5\" value=\"\" placeholder=\"Nombre\"  \/><span class=\"cmb_metabox_description\"><\/span><\/div><\/div><div  data-name=\"email\" class=\"cmb_field cmb-type-email cmb_id_email  required  \"><label class=\"field-title\"  for=\"field_6\" >Email<\/label><div data-value=\"\" class=\"cmb_cell_field\"><input class=\"\" required type=\"email\" name=\"email\" id=\"field_6\" value=\"\" placeholder=\"Email\" \/><span class=\"cmb_metabox_description\"><\/span><\/div><\/div><div  data-name=\"message\" class=\"cmb_field cmb-type-textarea cmb_id_message   \"><label class=\"field-title\"  for=\"field_7\" >Mensaje<\/label><div data-value=\"\" class=\"cmb_cell_field\"><textarea class=\"\" name=\"message\" id=\"field_7\" cols=\"60\" rows=\"10\" placeholder=\"Mensaje\"><\/textarea><span class=\"cmb_metabox_description\"><\/span><\/div><\/div><div  data-name=\"submit\" class=\"cmb_field cmb-type-html cmb_id_submit   \"><label class=\"field-title\" ><\/label><div data-value=\"\" class=\"cmb_cell_field\"><input type=\"submit\" class=\"\" value=\"Enviar\" title=\"Submit Form\" \/><span class=\"cmb_metabox_description\"><\/span><\/div><\/div><\/div><input type=\"hidden\" name=\"form_slug\" value=\"newsletter\" \/><input type=\"hidden\" name=\"action\" value=\"tf_form\" \/><input type=\"hidden\" name=\"form_uid\" value=\"2\" \/><div style=\"position: absolute; left: -5000px;\" aria-hidden=\"true\"><input autocomplete=\"foobar\" type=\"text\" name=\"e-371007664\" value=\"\" \/><\/div>\t<div>\n\t\t<label for='2e-2400481546'>52 plus 1 =<\/label>\n\t\t<input id='2e-2400481546' name='e-2400481546'\/>\n\t\t<label for='2email-4162011548'>leave this one<\/label>\n\t\t<input id='2email-4162011548' name='email-4162011548'\/>\n\t\t<label for='2field-1719129151'>twenty seven thousand<\/label>\n\t\t<input id='2field-1719129151' name='field-1719129151'\/>\n\t<\/div>\n\t<script>\n\t\tjQuery(document).ready(function($) {\n\t\t\tlet s = new Date().getTime();\n\t\t\t$('#form-2-form :input').on('focus', function() {\n\t\t\t\t$('[name=\"e-2400481546\"]').val(53);\n\t\t\t\t$('[name=\"field-1719129151\"]').val(new Date().getTime() - s);\n\t\t\t});\n\t\t\t$('[name=\"e-2400481546\"]').closest('div').hide();\n\t\t});\n\t<\/script>\n\t<\/form><div class=\"ajax_response\"><\/div><\/div>\n<h2>Apoya nuestro trabajo<\/h2>\n<p>Si nuestras palabras te han resultado \u00fatiles, por favor considera dar tan solo \u20ac2 al mes y ay\u00fadanos a compartir la verdad b\u00edblica de que todos los que creen en Jes\u00fas son salvos por la gracia de Dios.<\/p>\n<div class=\"buttons\">\n<a class=\"button\" href=\"https:\/\/buy.stripe.com\/4gMcN60nr5oR2L42gE9R600\">Haz un regalo \u00fanico<\/a><br \/>\n<a class=\"button\" href=\"https:\/\/donate.stripe.com\/00w00k9Y1dVnclEbRe9R601\">Haz un regalo mensual<\/a>\n<\/div>\n<p><\/p>","protected":false},"excerpt":{"rendered":"<p>Recibe el bolet\u00edn de noticias Apoya nuestro trabajo Si nuestras palabras te han resultado \u00fatiles, por favor considera dar tan solo \u20ac2 al mes y ay\u00fadanos a compartir la verdad b\u00edblica de que todos los que creen en Jes\u00fas son salvos por la gracia de Dios. Haz un regalo \u00fanico Haz un regalo mensual<\/p>\n","protected":false},"author":1,"featured_media":161,"parent":76,"menu_order":3,"comment_status":"closed","ping_status":"closed","template":"","meta":{"footnotes":""},"class_list":["post-9","page","type-page","status-publish","has-post-thumbnail","hentry"],"_links":{"self":[{"href":"https:\/\/esperanzarevolucion.com\/es\/wp-json\/wp\/v2\/pages\/9","targetHints":{"allow":["GET"]}}],"collection":[{"href":"https:\/\/esperanzarevolucion.com\/es\/wp-json\/wp\/v2\/pages"}],"about":[{"href":"https:\/\/esperanzarevolucion.com\/es\/wp-json\/wp\/v2\/types\/page"}],"author":[{"embeddable":true,"href":"https:\/\/esperanzarevolucion.com\/es\/wp-json\/wp\/v2\/users\/1"}],"replies":[{"embeddable":true,"href":"https:\/\/esperanzarevolucion.com\/es\/wp-json\/wp\/v2\/comments?post=9"}],"version-history":[{"count":19,"href":"https:\/\/esperanzarevolucion.com\/es\/wp-json\/wp\/v2\/pages\/9\/revisions"}],"predecessor-version":[{"id":341,"href":"https:\/\/esperanzarevolucion.com\/es\/wp-json\/wp\/v2\/pages\/9\/revisions\/341"}],"up":[{"embeddable":true,"href":"https:\/\/esperanzarevolucion.com\/es\/wp-json\/wp\/v2\/pages\/76"}],"wp:featuredmedia":[{"embeddable":true,"href":"https:\/\/esperanzarevolucion.com\/es\/wp-json\/wp\/v2\/media\/161"}],"wp:attachment":[{"href":"https:\/\/esperanzarevolucion.com\/es\/wp-json\/wp\/v2\/media?parent=9"}],"curies":[{"name":"wp","href":"https:\/\/api.w.org\/{rel}","templated":true}]}}