{"id":6,"date":"2025-01-29T15:29:30","date_gmt":"2025-01-29T15:29:30","guid":{"rendered":"https:\/\/esperanzarevolucion.com\/?page_id=6"},"modified":"2025-06-05T16:17:18","modified_gmt":"2025-06-05T16:17:18","slug":"about","status":"publish","type":"page","link":"https:\/\/esperanzarevolucion.com\/es\/about\/about\/","title":{"rendered":"Sobre nosotros"},"content":{"rendered":"<p>La Revoluci\u00f3n de la Esperanza habla de conocer a Dios sin la carga de las reglas y la religi\u00f3n, pues queremos que todos descubran esa libertad.<\/p>\n<blockquote><p>\u201cPorque por gracia ustedes han sido salvados mediante la fe. Esto no procede de ustedes, sino que es el regalo de Dios y\u00a0no por obras, para que nadie se jacte\u201d.<br \/>\n<cite>Efesios cap. 2, versos 8-9<\/cite><\/p><\/blockquote>\n<p>La Biblia dice claramente que la salvaci\u00f3n es dada por Dios como un regalo a todos aquellos que creen en Jes\u00fas. No es algo que podamos ganar con nuestras propias acciones.<\/p>\n<p>La salvaci\u00f3n no es algo que los creyentes en Jes\u00fas tienen que ganarse. Los que creen en Jes\u00fas ya la tienen.<\/p>\n<p>La Revoluci\u00f3n de la Esperanza analiza los puntos donde las pr\u00e1cticas y las ense\u00f1anzas de la Iglesia Cat\u00f3lica Romana con el paso del tiempo han llegado a ser muy diferentes a las ense\u00f1anzas de la Biblia. Para ello, citaremos directamente de la Biblia.<\/p>\n<p>Es tambi\u00e9n es una invitaci\u00f3n a que la Iglesia Cat\u00f3lica Romana vuelva a seguir el verdadero evangelio de Jesucristo. Donde la fe en \u00c9l es el \u00fanico requisito para recibir el regalo gratuito de la salvaci\u00f3n.<\/p>\n<p>\u00bfPor qu\u00e9 la Revoluci\u00f3n de la Esperanza? Con la Iglesia Cat\u00f3lica Romana compartimos la <strong>fe<\/strong> en Dios. Tambi\u00e9n compartimos el <strong>amor<\/strong> a Dios y a las personas. Pero nuestra <strong>esperanza <\/strong>descansa en la seguridad de lo que Jes\u00fas ha hecho por nosotros, no en lo que nosotros podamos hacer por nosotros mismos.<\/p>","protected":false},"excerpt":{"rendered":"<p>La Revoluci\u00f3n de la Esperanza habla de conocer a Dios sin la carga de las reglas y la religi\u00f3n, pues queremos que todos descubran esa libertad. \u201cPorque por gracia ustedes han sido salvados mediante la fe. Esto no procede de ustedes, sino que es el regalo de Dios y\u00a0no por obras, para que nadie se&nbsp;&#8230;  <a href=\"https:\/\/esperanzarevolucion.com\/es\/about\/about\/\" title=\"Read Sobre nosotros\">Read more&nbsp;&#8230;<\/a><\/p>\n","protected":false},"author":1,"featured_media":164,"parent":76,"menu_order":1,"comment_status":"closed","ping_status":"closed","template":"","meta":{"footnotes":""},"class_list":["post-6","page","type-page","status-publish","has-post-thumbnail","hentry"],"_links":{"self":[{"href":"https:\/\/esperanzarevolucion.com\/es\/wp-json\/wp\/v2\/pages\/6","targetHints":{"allow":["GET"]}}],"collection":[{"href":"https:\/\/esperanzarevolucion.com\/es\/wp-json\/wp\/v2\/pages"}],"about":[{"href":"https:\/\/esperanzarevolucion.com\/es\/wp-json\/wp\/v2\/types\/page"}],"author":[{"embeddable":true,"href":"https:\/\/esperanzarevolucion.com\/es\/wp-json\/wp\/v2\/users\/1"}],"replies":[{"embeddable":true,"href":"https:\/\/esperanzarevolucion.com\/es\/wp-json\/wp\/v2\/comments?post=6"}],"version-history":[{"count":6,"href":"https:\/\/esperanzarevolucion.com\/es\/wp-json\/wp\/v2\/pages\/6\/revisions"}],"predecessor-version":[{"id":172,"href":"https:\/\/esperanzarevolucion.com\/es\/wp-json\/wp\/v2\/pages\/6\/revisions\/172"}],"up":[{"embeddable":true,"href":"https:\/\/esperanzarevolucion.com\/es\/wp-json\/wp\/v2\/pages\/76"}],"wp:featuredmedia":[{"embeddable":true,"href":"https:\/\/esperanzarevolucion.com\/es\/wp-json\/wp\/v2\/media\/164"}],"wp:attachment":[{"href":"https:\/\/esperanzarevolucion.com\/es\/wp-json\/wp\/v2\/media?parent=6"}],"curies":[{"name":"wp","href":"https:\/\/api.w.org\/{rel}","templated":true}]}}