{"id":44,"date":"2025-02-05T16:15:42","date_gmt":"2025-02-05T16:15:42","guid":{"rendered":"https:\/\/esperanzarevolucion.com\/what-the-bible-says\/christ-has-died-once-for-all\/"},"modified":"2025-06-06T13:24:17","modified_gmt":"2025-06-06T13:24:17","slug":"christ-has-died-once-for-all","status":"publish","type":"page","link":"https:\/\/esperanzarevolucion.com\/es\/what-the-bible-teaches\/christ-has-died-once-for-all\/","title":{"rendered":"Cristo muri\u00f3 una vez y para siempre"},"content":{"rendered":"<p><\/p>\n<blockquote><p>\u201cPero Dios demuestra su amor por nosotros en esto: en que cuando todav\u00eda \u00e9ramos pecadores, Cristo muri\u00f3 por nosotros\u201d.<\/p>\n<p><cite>Romanos cap. 5, verso 8<\/cite><\/p><\/blockquote>\n<p>Jes\u00fas muri\u00f3 por nuestros pecados cuando todav\u00eda \u00e9ramos pecadores. Ya lo hizo. No esper\u00f3 a que nos arrepinti\u00e9ramos. Por lo tanto, tambi\u00e9n muri\u00f3 por tus pecados futuros. No muere cada vez que te arrepientes. \u201cMuri\u00f3\u201d es un verbo en tiempo pasado.<\/p>\n<blockquote><p>\u201cEn cuanto a su muerte, muri\u00f3 al pecado una vez y para siempre\u201d.<\/p>\n<p><cite>Romanos cap. 6, verso 10<\/cite><\/p><\/blockquote>\n<p>Jes\u00fas ya muri\u00f3. Tu pecado ya ha sido pagado. \u201cUna vez y para siempre\u201d. S\u00ed, h\u00e1blale a Dios de tu pecado, pero hazlo sabiendo que \u00c9l no muere una y otra vez por tu pecado. \u00a1Ya lo ha hecho!<\/p>\n<blockquote><p>\u201cPor lo tanto, ya no hay ninguna condenaci\u00f3n para los que est\u00e1n en Cristo Jes\u00fas\u201d.<\/p>\n<p><cite>Romanos cap. 8, verso 1<\/cite><\/p><\/blockquote>\n<blockquote><p>\u201cDios no envi\u00f3 a su Hijo al mundo para condenar al mundo, sino para salvarlo por medio de \u00e9l\u201d.<\/p>\n<p><cite>Juan cap. 3, verso 17<\/cite><\/p><\/blockquote>\n<p>Ya no hay condenaci\u00f3n para quienes creen en Jes\u00fas porque \u00c9l nos ha salvado.<\/p>\n<blockquote><p>\u201cTambi\u00e9n Cristo fue ofrecido en sacrificio una sola vez para quitar los pecados de muchos. Aparecer\u00e1 por segunda vez ya no para cargar con pecado alguno, sino para traer salvaci\u00f3n a quienes lo esperan\u201d.<\/p>\n<p><cite>Hebreos cap. 9, verso 28<\/cite><\/p><\/blockquote>\n<p>Y esta es nuestra esperanza para el futuro. Gracias a que Cristo pag\u00f3 por el pecado la primera vez que camin\u00f3 sobre la tierra, la pr\u00f3xima vez que venga ser\u00e1 para salvar a los creyentes que le est\u00e1n esperando.<\/p>\n<a class=\"button deeper\">Deeper Dive<\/a><div class=\"deeper-content\" style=\"display:none\"><svg class=\"squigline\" xmlns=\"http:\/\/www.w3.org\/2000\/svg\" viewBox=\"0 0 1000 100\" preserveAspectRatio=\"none\">\n<path style=\"fill:none;stroke:#000000;stroke-miterlimit:10;\" d=\"M0,18.235\n\tc10.729,11.859,26.823,40.941,51.106,40.941\n\tc19.2,0,50.821-36.706,65.223-36.706\n\tc24.565,0,53.929,51.106,79.059,51.106\n\tc23.435,0,47.946-42.353,72.793-42.353\n\tc18.362,0,66.03,42.363,83.065,42.363\n\tc19.482,0,18.541-42.081,33.318-42.081\n\tc20.047,0,51.294,40.941,75.106,40.941\n\tc25.694,0,28.894-40.941,47.718-40.941\n\tc25.056,0,45.929,42.081,69.459,42.081\n\tc23.718,0,38.588-29.093,49.694-29.093\n\tc16,0,8.471,33.035,27.106,33.035\n\tc25.788,0,52.141-50.259,81.882-50.259\n\tc31.247,0,38.588,54.494,63.812,54.494\n\tc24.847,0,24.847-41.223,55.623-41.223\n\tc48.659,0,86.965,29.082,98.259,29.082\"\/>\n<\/svg>\n\n\n<h2>Profundiza<\/h2>\n<blockquote><p>\u201centr\u00f3 una sola vez y para siempre en el Lugar Sant\u00edsimo. No lo hizo con sangre de machos cabr\u00edos y becerros, sino con su propia sangre, logrando as\u00ed un rescate eterno\u201d.<\/p>\n<p><cite>Hebreos cap. 9, verso 12<\/cite><\/p><\/blockquote>\n<blockquote><p>\u201cPor eso Cristo no entr\u00f3 en un santuario hecho por manos humanas, simple copia del verdadero santuario, sino en el cielo mismo, para presentarse ahora ante Dios en favor nuestro. Tampoco entr\u00f3 en el cielo para ofrecerse vez tras vez, como entra el sumo sacerdote en el Lugar Sant\u00edsimo cada a\u00f1o con sangre ajena. Si as\u00ed fuera, Cristo habr\u00eda tenido que sufrir muchas veces desde la creaci\u00f3n del mundo. Al contrario, ahora, al final de los tiempos, se ha presentado una sola vez y para siempre a fin de acabar con el pecado mediante el sacrificio de s\u00ed mismo\u201d.<\/p>\n<p><cite>Hebreos cap. 9, versos 24-26<\/cite><\/p><\/blockquote>\n<p>Cristo no sufre repetidamente por nosotros cada vez que nos arrepentimos. Cristo muri\u00f3 una vez y para siempre.<\/p>\n<p><\/div><\/p>","protected":false},"excerpt":{"rendered":"<p>\u201cPero Dios demuestra su amor por nosotros en esto: en que cuando todav\u00eda \u00e9ramos pecadores, Cristo muri\u00f3 por nosotros\u201d. Romanos cap. 5, verso 8 Jes\u00fas muri\u00f3 por nuestros pecados cuando todav\u00eda \u00e9ramos pecadores. Ya lo hizo. No esper\u00f3 a que nos arrepinti\u00e9ramos. Por lo tanto, tambi\u00e9n muri\u00f3 por tus pecados futuros. No muere cada vez&nbsp;&#8230;  <a href=\"https:\/\/esperanzarevolucion.com\/es\/what-the-bible-teaches\/christ-has-died-once-for-all\/\" title=\"Read Cristo muri\u00f3 una vez y para siempre\">Read more&nbsp;&#8230;<\/a><\/p>\n","protected":false},"author":1,"featured_media":138,"parent":41,"menu_order":14,"comment_status":"closed","ping_status":"closed","template":"","meta":{"footnotes":""},"class_list":["post-44","page","type-page","status-publish","has-post-thumbnail","hentry"],"_links":{"self":[{"href":"https:\/\/esperanzarevolucion.com\/es\/wp-json\/wp\/v2\/pages\/44","targetHints":{"allow":["GET"]}}],"collection":[{"href":"https:\/\/esperanzarevolucion.com\/es\/wp-json\/wp\/v2\/pages"}],"about":[{"href":"https:\/\/esperanzarevolucion.com\/es\/wp-json\/wp\/v2\/types\/page"}],"author":[{"embeddable":true,"href":"https:\/\/esperanzarevolucion.com\/es\/wp-json\/wp\/v2\/users\/1"}],"replies":[{"embeddable":true,"href":"https:\/\/esperanzarevolucion.com\/es\/wp-json\/wp\/v2\/comments?post=44"}],"version-history":[{"count":9,"href":"https:\/\/esperanzarevolucion.com\/es\/wp-json\/wp\/v2\/pages\/44\/revisions"}],"predecessor-version":[{"id":280,"href":"https:\/\/esperanzarevolucion.com\/es\/wp-json\/wp\/v2\/pages\/44\/revisions\/280"}],"up":[{"embeddable":true,"href":"https:\/\/esperanzarevolucion.com\/es\/wp-json\/wp\/v2\/pages\/41"}],"wp:featuredmedia":[{"embeddable":true,"href":"https:\/\/esperanzarevolucion.com\/es\/wp-json\/wp\/v2\/media\/138"}],"wp:attachment":[{"href":"https:\/\/esperanzarevolucion.com\/es\/wp-json\/wp\/v2\/media?parent=44"}],"curies":[{"name":"wp","href":"https:\/\/api.w.org\/{rel}","templated":true}]}}