{"id":43,"date":"2025-02-05T16:15:42","date_gmt":"2025-02-05T16:15:42","guid":{"rendered":"https:\/\/esperanzarevolucion.com\/what-the-bible-says\/it-is-about-relationship-not-rules\/"},"modified":"2025-06-06T13:15:58","modified_gmt":"2025-06-06T13:15:58","slug":"it-is-about-relationship-not-rules","status":"publish","type":"page","link":"https:\/\/esperanzarevolucion.com\/es\/what-the-bible-teaches\/it-is-about-relationship-not-rules\/","title":{"rendered":"Relaci\u00f3n, no reglas"},"content":{"rendered":"<p>Dios no nos impone una serie de reglas bajo las que debemos vivir.<\/p>\n<p>Nos gustan los l\u00edmites porque dan sensaci\u00f3n de seguridad. F\u00e1cilmente cometemos el error de pensar que nuestra relaci\u00f3n con Dios es una lista de cosas a hacer o un conjunto de reglas que debemos seguir. Orar, hacer lo correcto ante Dios, amar a los dem\u00e1s, asistir a la iglesia&#8230; y entonces obtenemos la salvaci\u00f3n. Pero eso no es lo que la Biblia dice.<\/p>\n<blockquote><p>\u00ab\u2026\u00bfRecibieron el Esp\u00edritu por las obras que demanda la Ley o por la fe con que aceptaron el mensaje? \u00bfTan torpes son? Despu\u00e9s de haber comenzado con el Esp\u00edritu, \u00bfpretenden ahora perfeccionarse con esfuerzos humanos?\u201d.<\/p>\n<p><cite>G\u00e1latas cap. 3, versos 2-3<\/cite><\/p><\/blockquote>\n<p>La gracia se da a todos los que creen como un regalo gratuito. No la ganamos, y Pablo nos insta a recordarlo. Somos redimidos por Cristo, no por lo que hacemos. Seguir a Cristo no se trata de obedecer reglas.<\/p>\n<blockquote><p>\u201cAs\u00ed que nadie los juzgue a ustedes por lo que comen, beben o con respecto a d\u00edas de fiesta religiosa, de luna nueva o de s\u00e1bado. Todo esto es una sombra de las cosas que est\u00e1n por venir; la realidad se halla en Cristo\u201d.<\/p>\n<p><cite>Colosenses cap. 2, versos 16-17<\/cite><\/p><\/blockquote>\n<blockquote><p>\n\u201cSi con Cristo ustedes ya han muerto a los principios de este mundo, \u00bfpor qu\u00e9, como si todav\u00eda pertenecieran al mundo, se someten a preceptos tales como \u2018no tomes en tus manos, no pruebes, no toques\u2019? Estos preceptos, basados en reglas y ense\u00f1anzas humanas, se refieren a cosas que van a desaparecer con el uso. Tienen sin duda apariencia de sabidur\u00eda, con su afectada devoci\u00f3n, falsa humildad y severo trato del cuerpo, pero de nada sirven frente a los apetitos de la carne\u201d.<\/p>\n<p><cite>Colosenses 2, versos 20-23<\/cite><\/p><\/blockquote>\n<p>Pablo est\u00e1 diciendo que, para quienes siguen a Cristo, las reglas heredadas y las tradiciones culturales ya no son importantes. Seguirlas puede resultar reconfortante, pero no cuentan para nada.<\/p>\n<blockquote><p>\u201cY a\u00f1adi\u00f3:<br \/>\n\u2014\u00a1Qu\u00e9 buena manera tienen ustedes de dejar a un lado el mandamiento de Dios para mantener su propia tradici\u00f3n!\u201d.<\/p>\n<p><cite>Marcos cap. 7, verso 9<\/cite><\/p><\/blockquote>\n<p>Aqu\u00ed, Jes\u00fas condena a los fariseos por las leyes y reglas que imponen a la gente, supuestamente en nombre de Dios. Esto es exactamente lo que la Iglesia Cat\u00f3lica Romana ha hecho a lo largo de la historia. Ha priorizado la tradici\u00f3n y las pr\u00e1cticas por encima de la Palabra de Dios.<\/p>\n<blockquote><p>\u201cSin embargo, todo aquello que para m\u00ed era ganancia, ahora lo considero p\u00e9rdida por causa de Cristo. Es m\u00e1s, todo lo considero p\u00e9rdida por raz\u00f3n del incomparable valor de conocer a Cristo Jes\u00fas, mi Se\u00f1or. Por \u00e9l lo he perdido todo y lo tengo por esti\u00e9rcol, a fin de ganar a Cristo y encontrarme unido a \u00e9l. No quiero mi propia justicia que procede de la Ley, sino la que se obtiene mediante la fe en Cristo, la justicia que procede de Dios, basada en la fe\u201d.<\/p>\n<p><cite>Filipenses cap. 3, versos 7-9<\/cite><\/p><\/blockquote>\n<p>Pablo nos recuerda la libertad que podemos disfrutar gracias a una fe que depende de Cristo y no de nuestra propia capacidad para obedecer las reglas. Y as\u00ed es como funciona el evangelio. Declarados justos gracias a Jes\u00fas y lo que \u00c9l hizo en la cruz, estatus que recibimos por medio de nuestra fe.<\/p>\n<blockquote><p>\u201c\u2018Todo est\u00e1 permitido\u2019, pero no todo es provechoso. \u2018Todo est\u00e1 permitido\u2019, pero no todo es constructivo\u201d. Y el verso 31: \u201cEn conclusi\u00f3n, ya sea que coman o beban o hagan cualquier otra cosa, h\u00e1ganlo todo para la gloria de Dios\u201d.<\/p>\n<p><cite>1 Corintios cap. 10, verso 23<\/cite><\/p><\/blockquote>\n<p>Pablo aborda las preocupaciones de la iglesia de Corinto, espec\u00edficamente en cuanto a qu\u00e9 deb\u00edan comer, pero el principio que hay detr\u00e1s de su respuesta es relevante para nosotros: Aunque no todas las cosas son recomendables, la \u00fanica \u201cregla\u201d es que todo lo que hagas, hazlo todo en relaci\u00f3n con Dios y para su gloria.<\/p>\n<p>Finalmente, en Mateo cap. 17, Marcos cap. 9 y Lucas cap. 9, los escritores relatan c\u00f3mo Jes\u00fas fue a un monte a orar con Pedro, Juan y Santiago. En el monte, se encontraron con Mois\u00e9s y El\u00edas, quienes conversaban con Jes\u00fas. Esta es una demostraci\u00f3n m\u00e1s de que Dios es un Dios de relaciones y no de reglas. Mois\u00e9s y El\u00edas no eran hombres que confesaron sus pecados a trav\u00e9s de rituales, sino hombres que ten\u00edan una relaci\u00f3n con Dios. Conoc\u00edan a Dios y eran conocidos por \u00c9l.<\/p>\n<a class=\"button deeper\">Deeper Dive<\/a><div class=\"deeper-content\" style=\"display:none\"><svg class=\"squigline\" xmlns=\"http:\/\/www.w3.org\/2000\/svg\" viewBox=\"0 0 1000 100\" preserveAspectRatio=\"none\">\n<path style=\"fill:none;stroke:#000000;stroke-miterlimit:10;\" d=\"M0,18.235\n\tc10.729,11.859,26.823,40.941,51.106,40.941\n\tc19.2,0,50.821-36.706,65.223-36.706\n\tc24.565,0,53.929,51.106,79.059,51.106\n\tc23.435,0,47.946-42.353,72.793-42.353\n\tc18.362,0,66.03,42.363,83.065,42.363\n\tc19.482,0,18.541-42.081,33.318-42.081\n\tc20.047,0,51.294,40.941,75.106,40.941\n\tc25.694,0,28.894-40.941,47.718-40.941\n\tc25.056,0,45.929,42.081,69.459,42.081\n\tc23.718,0,38.588-29.093,49.694-29.093\n\tc16,0,8.471,33.035,27.106,33.035\n\tc25.788,0,52.141-50.259,81.882-50.259\n\tc31.247,0,38.588,54.494,63.812,54.494\n\tc24.847,0,24.847-41.223,55.623-41.223\n\tc48.659,0,86.965,29.082,98.259,29.082\"\/>\n<\/svg>\n\n\n<h2>Profundiza<\/h2>\n<p><strong>Vive en relaci\u00f3n con Dios, no obedeciendo reglas religiosas.<\/strong><\/p>\n<p>Dios desea tener relaci\u00f3n con su pueblo. Para eso cre\u00f3 a la humanidad: para relacionarse. Desde Ad\u00e1n y Eva, pasando por Abraham y Mois\u00e9s, hasta todo el pueblo jud\u00edo. Luego Jes\u00fas vino para que todos podamos experimentar la libertad que trae vivir en relaci\u00f3n con Dios.<\/p>\n<blockquote><p>\u201cDetesto y aborrezco sus fiestas religiosas;<br \/>\nno me agradan sus cultos solemnes.<br \/>\nAunque me traigan holocaustos y ofrendas de cereal, no los aceptar\u00e9; no prestar\u00e9 atenci\u00f3n a los sacrificios de comuni\u00f3n de novillos cebados.<\/p>\n<p>Aleja de m\u00ed el bullicio de tus canciones; no quiero o\u00edr la m\u00fasica de tus liras. Pero \u00a1que fluya el derecho como las aguas y la justicia como arroyo inagotable! Casa de Israel, \u00bfacaso me ofrecieron ustedes sacrificios y ofrendas durante los cuarenta a\u00f1os en el desierto?\u201d.<\/p>\n<p><cite>Am\u00f3s cap. 5, versos 21:25<\/cite><\/p><\/blockquote>\n<p>El profeta Am\u00f3s reitera aqu\u00ed que Dios no quiere nuestros bienes ni nuestros rituales. Quiere nuestro coraz\u00f3n. Nos quiere a nosotros.<\/p>\n<blockquote><p>\u201cPrometen libertad, cuando ellos mismos son esclavos de la corrupci\u00f3n, ya que cada uno es esclavo de aquello que lo ha dominado. Si, habiendo escapado de la contaminaci\u00f3n del mundo por haber conocido a nuestro Se\u00f1or y Salvador Jesucristo, vuelven a enredarse en ella y son vencidos, terminan en peores condiciones que al principio\u201d.<\/p>\n<p><cite>2 Pedro cap. 2 verso 19-20<\/cite><\/p><\/blockquote>\n<p>Pedro aqu\u00ed est\u00e1 instando a los creyentes en Jes\u00fas a no escuchar a los falsos profetas y seguir as\u00ed esclavos de rituales y reglas, sino a vivir bajo la gracia y la libertad que proviene de la relaci\u00f3n con Dios a trav\u00e9s de la fe en Jes\u00fas.<\/p>\n<blockquote><p>\u201cCristo nos libert\u00f3 para que vivamos en libertad. Por lo tanto, mant\u00e9nganse firmes y no se sometan nuevamente al yugo de esclavitud\u201d.<\/p>\n<p><cite>G\u00e1latas cap. 5, verso 1<\/cite><\/p>\n<p>\u201cHan sido llamados a ser libres\u201d.<\/p>\n<p><cite>G\u00e1latas cap. 5, verso 13<\/cite><\/p><\/blockquote>\n<p>Pablo dice que Cristo nos ha liberado para que seamos libres. Sin embargo, la libertad requiere resistencia para no regresar a la esclavitud.<br \/>\nAqu\u00ed, Pablo se refiere a aquellos que impon\u00edan el rito de la circuncisi\u00f3n, pero podr\u00eda ser cualquier regla o \u201cley\u201d que alguien pretende imponer con el pretexto de ganar la aprobaci\u00f3n de Dios.<\/p>\n<p>Pablo tambi\u00e9n dice en los versos 3 y 4 que<em> \u201ctodo el que se hace circuncidar est\u00e1 obligado a practicar toda la Ley. Aquellos de entre ustedes que tratan de ser justificados por la Ley han roto con Cristo\u201d<\/em>. Es decir, si tratamos de salvarnos por la ley, eso nos separa de Cristo porque le estamos dando la espalda a su gracia.<\/p>\n<p>Por lo tanto, vivamos bajo la libertad que se nos ha dado.<\/p>\n<p><\/div><\/p>","protected":false},"excerpt":{"rendered":"<p>Dios no nos impone una serie de reglas bajo las que debemos vivir. Nos gustan los l\u00edmites porque dan sensaci\u00f3n de seguridad. F\u00e1cilmente cometemos el error de pensar que nuestra relaci\u00f3n con Dios es una lista de cosas a hacer o un conjunto de reglas que debemos seguir. Orar, hacer lo correcto ante Dios, amar&nbsp;&#8230;  <a href=\"https:\/\/esperanzarevolucion.com\/es\/what-the-bible-teaches\/it-is-about-relationship-not-rules\/\" title=\"Read Relaci\u00f3n, no reglas\">Read more&nbsp;&#8230;<\/a><\/p>\n","protected":false},"author":1,"featured_media":160,"parent":41,"menu_order":13,"comment_status":"closed","ping_status":"closed","template":"","meta":{"footnotes":""},"class_list":["post-43","page","type-page","status-publish","has-post-thumbnail","hentry"],"_links":{"self":[{"href":"https:\/\/esperanzarevolucion.com\/es\/wp-json\/wp\/v2\/pages\/43","targetHints":{"allow":["GET"]}}],"collection":[{"href":"https:\/\/esperanzarevolucion.com\/es\/wp-json\/wp\/v2\/pages"}],"about":[{"href":"https:\/\/esperanzarevolucion.com\/es\/wp-json\/wp\/v2\/types\/page"}],"author":[{"embeddable":true,"href":"https:\/\/esperanzarevolucion.com\/es\/wp-json\/wp\/v2\/users\/1"}],"replies":[{"embeddable":true,"href":"https:\/\/esperanzarevolucion.com\/es\/wp-json\/wp\/v2\/comments?post=43"}],"version-history":[{"count":4,"href":"https:\/\/esperanzarevolucion.com\/es\/wp-json\/wp\/v2\/pages\/43\/revisions"}],"predecessor-version":[{"id":275,"href":"https:\/\/esperanzarevolucion.com\/es\/wp-json\/wp\/v2\/pages\/43\/revisions\/275"}],"up":[{"embeddable":true,"href":"https:\/\/esperanzarevolucion.com\/es\/wp-json\/wp\/v2\/pages\/41"}],"wp:featuredmedia":[{"embeddable":true,"href":"https:\/\/esperanzarevolucion.com\/es\/wp-json\/wp\/v2\/media\/160"}],"wp:attachment":[{"href":"https:\/\/esperanzarevolucion.com\/es\/wp-json\/wp\/v2\/media?parent=43"}],"curies":[{"name":"wp","href":"https:\/\/api.w.org\/{rel}","templated":true}]}}