{"id":42,"date":"2025-02-05T16:15:42","date_gmt":"2025-02-05T16:15:42","guid":{"rendered":"https:\/\/esperanzarevolucion.com\/what-the-bible-says\/we-are-saved-by-grace-alone\/"},"modified":"2025-06-06T13:07:38","modified_gmt":"2025-06-06T13:07:38","slug":"we-are-saved-by-grace-alone","status":"publish","type":"page","link":"https:\/\/esperanzarevolucion.com\/es\/what-the-bible-teaches\/we-are-saved-by-grace-alone\/","title":{"rendered":"Somos salvos por gracia, no por nosotros mismos"},"content":{"rendered":"<p>Cuando Juan el Bautista vio a Jes\u00fas, dijo:<\/p>\n<blockquote><p>\u201c\u00a1Aqu\u00ed tienen al Cordero de Dios, que quita el pecado del mundo!\u201d.<\/p>\n<p><cite>Juan cap. 1, verso 29<\/cite><\/p><\/blockquote>\n<p>Pablo escribe:<\/p>\n<blockquote><p>\u201c\u2026 que si confiesas con tu boca que Jes\u00fas es el Se\u00f1or y crees en tu coraz\u00f3n que Dios lo levant\u00f3 de entre los muertos, ser\u00e1s salvo\u201d.<\/p>\n<p><cite>Romanos cap. 10, verso 9<\/cite><\/p><\/blockquote>\n<p>Pablo tambi\u00e9n escribe:<\/p>\n<blockquote><p>\u201cPero cuando se manifestaron la bondad y el amor de Dios nuestro Salvador, \u00e9l nos salv\u00f3, no por nuestras propias obras de justicia, sino por su misericordia\u2026\u201d.<\/p>\n<p><cite>Tito cap. 3, versos 4-5<\/cite><\/p><\/blockquote>\n<p>Jes\u00fas es quien quit\u00f3 los pecados del mundo. No se menciona ning\u00fan ritual humano ni que nos salvemos a nosotros mismos mediante nuestras propias acciones o buenas obras.<\/p>\n<p>S\u00ed, Jes\u00fas nos ense\u00f1a c\u00f3mo actuar, vivir y amar, y parte de eso implica amar a los dem\u00e1s y amar a Dios. Pero nuestra salvaci\u00f3n no depende de nuestras acciones. Depende completamente de lo que \u00c9l ha hecho por nosotros.<\/p>\n<blockquote><p>\u201cPorque por gracia ustedes han sido salvados mediante la fe. Esto no procede de ustedes, sino que es el regalo de Dios y no por obras, para que nadie se jacte\u201d.<\/p>\n<p><cite>Efesios cap. 2, versos 8-9<\/cite><\/p><\/blockquote>\n<p>Pablo lo expresa de la forma m\u00e1s sencilla posible. Somos salvos por gracia, por medio de la fe en Jes\u00fas, no por nuestras propias obras, as\u00ed que dejemos de inventar que es por nuestras acciones.<\/p>\n<p>Nuestra salvaci\u00f3n es obra de Dios. Es un regalo gratuito que nos ha dado. No podemos ganarla haciendo buenas obras, participando de los sacramentos, yendo a la iglesia, rezando o confes\u00e1ndonos.<\/p>","protected":false},"excerpt":{"rendered":"<p>Cuando Juan el Bautista vio a Jes\u00fas, dijo: \u201c\u00a1Aqu\u00ed tienen al Cordero de Dios, que quita el pecado del mundo!\u201d. Juan cap. 1, verso 29 Pablo escribe: \u201c\u2026 que si confiesas con tu boca que Jes\u00fas es el Se\u00f1or y crees en tu coraz\u00f3n que Dios lo levant\u00f3 de entre los muertos, ser\u00e1s salvo\u201d. Romanos&nbsp;&#8230;  <a href=\"https:\/\/esperanzarevolucion.com\/es\/what-the-bible-teaches\/we-are-saved-by-grace-alone\/\" title=\"Read Somos salvos por gracia, no por nosotros mismos\">Read more&nbsp;&#8230;<\/a><\/p>\n","protected":false},"author":1,"featured_media":133,"parent":41,"menu_order":12,"comment_status":"closed","ping_status":"closed","template":"","meta":{"footnotes":""},"class_list":["post-42","page","type-page","status-publish","has-post-thumbnail","hentry"],"_links":{"self":[{"href":"https:\/\/esperanzarevolucion.com\/es\/wp-json\/wp\/v2\/pages\/42","targetHints":{"allow":["GET"]}}],"collection":[{"href":"https:\/\/esperanzarevolucion.com\/es\/wp-json\/wp\/v2\/pages"}],"about":[{"href":"https:\/\/esperanzarevolucion.com\/es\/wp-json\/wp\/v2\/types\/page"}],"author":[{"embeddable":true,"href":"https:\/\/esperanzarevolucion.com\/es\/wp-json\/wp\/v2\/users\/1"}],"replies":[{"embeddable":true,"href":"https:\/\/esperanzarevolucion.com\/es\/wp-json\/wp\/v2\/comments?post=42"}],"version-history":[{"count":3,"href":"https:\/\/esperanzarevolucion.com\/es\/wp-json\/wp\/v2\/pages\/42\/revisions"}],"predecessor-version":[{"id":273,"href":"https:\/\/esperanzarevolucion.com\/es\/wp-json\/wp\/v2\/pages\/42\/revisions\/273"}],"up":[{"embeddable":true,"href":"https:\/\/esperanzarevolucion.com\/es\/wp-json\/wp\/v2\/pages\/41"}],"wp:featuredmedia":[{"embeddable":true,"href":"https:\/\/esperanzarevolucion.com\/es\/wp-json\/wp\/v2\/media\/133"}],"wp:attachment":[{"href":"https:\/\/esperanzarevolucion.com\/es\/wp-json\/wp\/v2\/media?parent=42"}],"curies":[{"name":"wp","href":"https:\/\/api.w.org\/{rel}","templated":true}]}}