{"id":40,"date":"2025-02-05T16:15:42","date_gmt":"2025-02-05T16:15:42","guid":{"rendered":"https:\/\/esperanzarevolucion.com\/religious-artefacts-and-idols\/"},"modified":"2025-06-06T13:04:28","modified_gmt":"2025-06-06T13:04:28","slug":"religious-artefacts-and-idols","status":"publish","type":"page","link":"https:\/\/esperanzarevolucion.com\/es\/roman-catholic-practices\/religious-artefacts-and-idols\/","title":{"rendered":"Objetos religiosos e \u00eddolos"},"content":{"rendered":"<p>La Biblia no dice que debamos inclinarnos ante objetos religiosos o adorar estatuas. El acto con el que creemos honrar a Mar\u00eda, o el uso de una estatua para enfocarnos en Dios, es en realidad desviar la atenci\u00f3n del Dios real y tangible al que servimos.<\/p>\n<p>En Hebreos cap. 9, verso 24, el escritor explica que <em>\u201cPor eso Cristo entr\u00f3 \u2026en el cielo mismo, para presentarse ahora ante Dios en favor nuestro\u201d.<\/em> Esto significa que Jes\u00fas est\u00e1 con Dios ahora. No necesitamos que Mar\u00eda act\u00fae como mediadora en favor nuestro ante Dios porque Jes\u00fas lo hizo mediante su muerte y resurrecci\u00f3n. En ning\u00fan lugar de la Biblia dice que Mar\u00eda, la madre de Jes\u00fas, tras su muerte terrenal se convirti\u00f3 en mediadora entre el hombre y Dios. Creer que esto es cierto es diluir qui\u00e9n es Jes\u00fas y lo que ha hecho.<\/p>\n<p>En el Segundo Concilio de Nicea del a\u00f1o 787 d. C., la Iglesia Cat\u00f3lica Romana anima a colocar y honrar im\u00e1genes de Mar\u00eda y de los santos junto a las im\u00e1genes y esculturas de Jes\u00fas y de la cruz. El concilio intent\u00f3 establecer una diferencia entre honrar estas im\u00e1genes y adorarlas, pero no lo hace con suficiente claridad y eso explica en parte por qu\u00e9 los cat\u00f3licos romanos adoran a Mar\u00eda y a los santos del mismo modo en que adoran a Dios, lo cual no tiene ning\u00fan fundamento b\u00edblico.<\/p>\n<p>Pablo dice de Dios:<\/p>\n<blockquote><p>\u201cEl Dios que hizo el mundo y todo lo que hay en \u00e9l es Se\u00f1or del cielo y de la tierra. No vive en templos construidos por hombres, ni se deja servir por manos humanas\u2026 no debemos pensar que la divinidad sea como el oro, la plata o la piedra: escultura hecha como resultado del ingenio y de la destreza del ser humano\u201d.<br \/>\n<cite>Hechos cap. 17, versos 24-25 y 29<\/cite><\/p><\/blockquote>\n<p>Pablo est\u00e1 diciendo que no debemos limitar a Dios a una estatua o a algo hecho por el hombre.<\/p>\n<p>\u00c9l es Dios, Creador del universo, y te invita a hablar con \u00e9l directamente. No a trav\u00e9s de un objeto humano.<\/p>\n<blockquote><p>\u201cAs\u00ed dice el SE\u00d1OR de los Ej\u00e9rcitos, el Dios de Israel: \u2018\u00a1Junten sus holocaustos con sus sacrificios y c\u00f3manse la carne! En verdad, cuando yo saqu\u00e9 de Egipto a sus antepasados, no les dije ni orden\u00e9 nada acerca de holocaustos y sacrificios. Lo que s\u00ed orden\u00e9 fue lo siguiente: \u00abObed\u00e9zcanme. As\u00ed yo ser\u00e9 su Dios y ustedes ser\u00e1n mi pueblo. Cond\u00fazcanse conforme a todo lo que yo ordene, a fin de que les vaya bien\u00bb\u2019\u201d.<\/p>\n<p><cite>Jerem\u00edas cap. 7, versos 21-23<\/cite><\/p><\/blockquote>\n<p>Jerem\u00edas se\u00f1ala que cuando Dios dio los Diez Mandamientos al pueblo jud\u00edo, no mencion\u00f3 sacrificios ni ofrendas que deb\u00edan realizar. Sin embargo, ahora el pueblo le est\u00e1 dando m\u00e1s importancia a esos rituales que a la obediencia a Dios. Los rituales y las reglas no reemplazan la obediencia a Dios.<\/p>\n<blockquote><p>\u201cDetesto y aborrezco sus fiestas religiosas; no me agradan sus cultos solemnes. Aunque me traigan holocaustos y ofrendas de cereal, no los aceptar\u00e9; no prestar\u00e9 atenci\u00f3n a los sacrificios de comuni\u00f3n de novillos cebados. Aleja de m\u00ed el bullicio de tus canciones; no quiero o\u00edr la m\u00fasica de tus liras. Pero \u00a1que fluya el derecho como las aguas y la justicia como arroyo inagotable! Casa de Israel, \u00bfacaso me ofrecieron ustedes sacrificios y ofrendas durante los cuarenta a\u00f1os en el desierto?\u201d.<\/p>\n<p><cite>Am\u00f3s cap. 5, versos 21-25<\/cite><\/p><\/blockquote>\n<p>Al igual que Jerem\u00edas, Am\u00f3s vuelve a recordar al pueblo jud\u00edo que las fiestas religiosas y los sacrificios no son lo m\u00e1s importante a ojos de Dios.<\/p>","protected":false},"excerpt":{"rendered":"<p>La Biblia no dice que debamos inclinarnos ante objetos religiosos o adorar estatuas. El acto con el que creemos honrar a Mar\u00eda, o el uso de una estatua para enfocarnos en Dios, es en realidad desviar la atenci\u00f3n del Dios real y tangible al que servimos. En Hebreos cap. 9, verso 24, el escritor explica&nbsp;&#8230;  <a href=\"https:\/\/esperanzarevolucion.com\/es\/roman-catholic-practices\/religious-artefacts-and-idols\/\" title=\"Read Objetos religiosos e \u00eddolos\">Read more&nbsp;&#8230;<\/a><\/p>\n","protected":false},"author":1,"featured_media":131,"parent":23,"menu_order":10,"comment_status":"closed","ping_status":"closed","template":"","meta":{"footnotes":""},"class_list":["post-40","page","type-page","status-publish","has-post-thumbnail","hentry"],"_links":{"self":[{"href":"https:\/\/esperanzarevolucion.com\/es\/wp-json\/wp\/v2\/pages\/40","targetHints":{"allow":["GET"]}}],"collection":[{"href":"https:\/\/esperanzarevolucion.com\/es\/wp-json\/wp\/v2\/pages"}],"about":[{"href":"https:\/\/esperanzarevolucion.com\/es\/wp-json\/wp\/v2\/types\/page"}],"author":[{"embeddable":true,"href":"https:\/\/esperanzarevolucion.com\/es\/wp-json\/wp\/v2\/users\/1"}],"replies":[{"embeddable":true,"href":"https:\/\/esperanzarevolucion.com\/es\/wp-json\/wp\/v2\/comments?post=40"}],"version-history":[{"count":5,"href":"https:\/\/esperanzarevolucion.com\/es\/wp-json\/wp\/v2\/pages\/40\/revisions"}],"predecessor-version":[{"id":272,"href":"https:\/\/esperanzarevolucion.com\/es\/wp-json\/wp\/v2\/pages\/40\/revisions\/272"}],"up":[{"embeddable":true,"href":"https:\/\/esperanzarevolucion.com\/es\/wp-json\/wp\/v2\/pages\/23"}],"wp:featuredmedia":[{"embeddable":true,"href":"https:\/\/esperanzarevolucion.com\/es\/wp-json\/wp\/v2\/media\/131"}],"wp:attachment":[{"href":"https:\/\/esperanzarevolucion.com\/es\/wp-json\/wp\/v2\/media?parent=40"}],"curies":[{"name":"wp","href":"https:\/\/api.w.org\/{rel}","templated":true}]}}