{"id":4,"date":"2025-01-29T15:28:14","date_gmt":"2025-01-29T15:28:14","guid":{"rendered":"https:\/\/esperanzarevolucion.com\/?page_id=4"},"modified":"2025-06-09T09:41:20","modified_gmt":"2025-06-09T09:41:20","slug":"home","status":"publish","type":"page","link":"https:\/\/esperanzarevolucion.com\/es\/","title":{"rendered":"Dios te ama y quiere tener relaci\u00f3n contigo"},"content":{"rendered":"<p>La Revoluci\u00f3n de la Esperanza habla de conocer a Dios sin la carga de las reglas y la religi\u00f3n, pues queremos que todos descubran esa libertad.<\/p>\n<p>Dios desea tener una relaci\u00f3n con cada uno de nosotros. Sin embargo, la Iglesia Cat\u00f3lica Romana ha rechazado la siguiente verdad b\u00edblica: que todos los que creen en Jes\u00fas son salvos por la gracia de Dios. En su lugar, han creado un sistema por el cual la salvaci\u00f3n (es decir, el perd\u00f3n de Dios por nuestros pecados) se consigue por medio de una mezcla entre la gracia de Dios y nuestras propias acciones.<\/p>\n<p>La Revoluci\u00f3n de la Esperanza derriba los muros de esta religi\u00f3n hecha por hombres, con el fin de que <strong>todos<\/strong> conozcan el regalo gratuito de una relaci\u00f3n con Dios a trav\u00e9s de Jesucristo.<\/p>","protected":false},"excerpt":{"rendered":"<p>La Revoluci\u00f3n de la Esperanza habla de conocer a Dios sin la carga de las reglas y la religi\u00f3n, pues queremos que todos descubran esa libertad. Dios desea tener una relaci\u00f3n con cada uno de nosotros. Sin embargo, la Iglesia Cat\u00f3lica Romana ha rechazado la siguiente verdad b\u00edblica: que todos los que creen en Jes\u00fas&nbsp;&#8230;  <a href=\"https:\/\/esperanzarevolucion.com\/es\/\" title=\"Read Dios te ama y quiere tener relaci\u00f3n contigo\">Read more&nbsp;&#8230;<\/a><\/p>\n","protected":false},"author":1,"featured_media":0,"parent":0,"menu_order":0,"comment_status":"closed","ping_status":"closed","template":"","meta":{"footnotes":""},"class_list":["post-4","page","type-page","status-publish","hentry"],"_links":{"self":[{"href":"https:\/\/esperanzarevolucion.com\/es\/wp-json\/wp\/v2\/pages\/4","targetHints":{"allow":["GET"]}}],"collection":[{"href":"https:\/\/esperanzarevolucion.com\/es\/wp-json\/wp\/v2\/pages"}],"about":[{"href":"https:\/\/esperanzarevolucion.com\/es\/wp-json\/wp\/v2\/types\/page"}],"author":[{"embeddable":true,"href":"https:\/\/esperanzarevolucion.com\/es\/wp-json\/wp\/v2\/users\/1"}],"replies":[{"embeddable":true,"href":"https:\/\/esperanzarevolucion.com\/es\/wp-json\/wp\/v2\/comments?post=4"}],"version-history":[{"count":6,"href":"https:\/\/esperanzarevolucion.com\/es\/wp-json\/wp\/v2\/pages\/4\/revisions"}],"predecessor-version":[{"id":305,"href":"https:\/\/esperanzarevolucion.com\/es\/wp-json\/wp\/v2\/pages\/4\/revisions\/305"}],"wp:attachment":[{"href":"https:\/\/esperanzarevolucion.com\/es\/wp-json\/wp\/v2\/media?parent=4"}],"curies":[{"name":"wp","href":"https:\/\/api.w.org\/{rel}","templated":true}]}}