{"id":39,"date":"2025-02-05T16:15:42","date_gmt":"2025-02-05T16:15:42","guid":{"rendered":"https:\/\/esperanzarevolucion.com\/praying-to-the-saints\/"},"modified":"2025-06-06T12:58:04","modified_gmt":"2025-06-06T12:58:04","slug":"praying-to-the-saints","status":"publish","type":"page","link":"https:\/\/esperanzarevolucion.com\/es\/roman-catholic-practices\/praying-to-the-saints\/","title":{"rendered":"Rezar a los santos"},"content":{"rendered":"<p>Jes\u00fas nos ense\u00f1a a orar al Padre, no a los santos.<\/p>\n<blockquote><p>\u201cUstedes deben orar as\u00ed: \u2018Padre nuestro que est\u00e1s en el cielo, santificado sea tu nombre\u2019\u201d.<\/p>\n<p><cite>Mateo cap. 6, verso 9<\/cite><\/p><\/blockquote>\n<p>Al comenzar su ense\u00f1anza sobre c\u00f3mo orar, Jes\u00fas ense\u00f1\u00f3 a sus disc\u00edpulos a orar a su Padre celestial, no a ning\u00fan santo celestial.<\/p>\n<blockquote><p>\u201cPorque hay un solo Dios y un solo mediador entre Dios y los hombres, Jesucristo hombre\u201d.<br \/>\n<cite>1 Timoteo cap. 2, verso 5<\/cite><\/p><\/blockquote>\n<p>Jes\u00fas es el \u00fanico mediador entre Dios y los hombres. Pedirle a un \u201csanto\u201d que medie entre nosotros y Dios es pedirle que haga lo que solo Jes\u00fas puede hacer.<\/p>\n<blockquote><p>\u201cAl ver lo que Pablo hab\u00eda hecho, la gente comenz\u00f3 a gritar en el idioma de Licaonia:<br \/>\n\u2014\u00a1Los dioses han tomado forma humana y han venido a visitarnos! \u2026<br \/>\nAl enterarse de esto los ap\u00f3stoles Bernab\u00e9 y Pablo, se rasgaron las vestiduras y se lanzaron por entre la multitud, gritando:<br \/>\n\u2014Se\u00f1ores, \u00bfpor qu\u00e9 hacen esto? Nosotros tambi\u00e9n somos hombres mortales como ustedes. Las buenas noticias que anunciamos son que dejen estas cosas sin valor y se vuelvan al Dios viviente, que hizo el cielo, la tierra, el mar y todo lo que hay en ellos\u201d.<\/p>\n<p><cite>Hechos cap. 14, versos 11 y 14-15<\/cite><\/p><\/blockquote>\n<p>Aqu\u00ed, Pablo reafirma que \u00e9l y Bernab\u00e9 son personas comunes y corrientes, a quienes no deben orar ni adorar, ni en vida ni una vez muertos.<\/p>\n<blockquote><p>\u201cPor eso Cristo no entr\u00f3 en un santuario hecho por manos humanas, simple copia del verdadero santuario, sino en el cielo mismo, para presentarse ahora ante Dios en favor nuestro\u201d.<\/p>\n<p><cite>Hebreos cap. 9, verso 24<\/cite><\/p><\/blockquote>\n<p>No tenemos que orar a los santos, ya que Jes\u00fas est\u00e1 en el cielo sentado a la diestra de Dios. En la Biblia, la oraci\u00f3n se dirige \u00fanicamente a Dios Padre o a Dios Hijo. La idea de orar a los santos fue creada por la Iglesia Cat\u00f3lica Romana y decretada en el Concilio de Trento de 1563.<\/p>\n<blockquote><p>\u201cOren en el Esp\u00edritu en todo momento, con peticiones y ruegos. Mant\u00e9nganse alertas y perseveren en oraci\u00f3n por todos los creyentes\u201d.<\/p>\n<p><cite>Efesios cap. 6, verso 16<\/cite><\/p><\/blockquote>\n<p>Finalmente, vemos aqu\u00ed que Pablo anima expl\u00edcitamente a los creyentes de \u00c9feso a orar por los santos (los creyentes), no a los santos.<\/p>\n<a class=\"button deeper\">Deeper Dive<\/a><div class=\"deeper-content\" style=\"display:none\"><svg class=\"squigline\" xmlns=\"http:\/\/www.w3.org\/2000\/svg\" viewBox=\"0 0 1000 100\" preserveAspectRatio=\"none\">\n<path style=\"fill:none;stroke:#000000;stroke-miterlimit:10;\" d=\"M0,18.235\n\tc10.729,11.859,26.823,40.941,51.106,40.941\n\tc19.2,0,50.821-36.706,65.223-36.706\n\tc24.565,0,53.929,51.106,79.059,51.106\n\tc23.435,0,47.946-42.353,72.793-42.353\n\tc18.362,0,66.03,42.363,83.065,42.363\n\tc19.482,0,18.541-42.081,33.318-42.081\n\tc20.047,0,51.294,40.941,75.106,40.941\n\tc25.694,0,28.894-40.941,47.718-40.941\n\tc25.056,0,45.929,42.081,69.459,42.081\n\tc23.718,0,38.588-29.093,49.694-29.093\n\tc16,0,8.471,33.035,27.106,33.035\n\tc25.788,0,52.141-50.259,81.882-50.259\n\tc31.247,0,38.588,54.494,63.812,54.494\n\tc24.847,0,24.847-41.223,55.623-41.223\n\tc48.659,0,86.965,29.082,98.259,29.082\"\/>\n<\/svg>\n\n\n<h2>Oremos a Dios, a nadie m\u00e1s.<\/h2>\n<blockquote><p>\u201c\u2026Jes\u00fas tom\u00f3 consigo a Pedro, a Santiago y a Juan, el hermano de Santiago, y los llev\u00f3 aparte, a una monta\u00f1a alta. All\u00ed se transfigur\u00f3 en presencia de ellos; su rostro resplandeci\u00f3 como el sol y su ropa se volvi\u00f3 blanca como la luz. En esto, se aparecieron Mois\u00e9s y El\u00edas conversando con Jes\u00fas\u201d.<\/p>\n<p><cite>Mateo cap. 17, versos 1-3<\/cite><\/p><\/blockquote>\n<p>Hay creyentes, como Mois\u00e9s y El\u00edas, a quienes la Iglesia Cat\u00f3lica Romana hoy llamar\u00eda \u201csantos\u201d. Pero Jes\u00fas no les pidi\u00f3 a Pedro ni a Santiago que oraran a Mois\u00e9s y a El\u00edas. Si Jes\u00fas hubiera querido que or\u00e1ramos a creyentes que ya est\u00e1n en el cielo, lo habr\u00eda dicho.<\/p>\n<h2>La Escritura proh\u00edbe el contacto con los muertos.<\/h2>\n<blockquote><p>\u201cNadie entre los tuyos deber\u00e1 sacrificar a su hijo o hija en el fuego ni practicar la adivinaci\u00f3n, agorer\u00eda o hechicer\u00eda; tampoco hacer conjuros, servir de m\u00e9dium, practicar espiritismo o consultar a los muertos. Cualquiera que practique estas costumbres se har\u00e1 abominable al SE\u00d1OR y por causa de ellas el SE\u00d1OR tu Dios expulsar\u00e1 de tu presencia a esas naciones. A los ojos del SE\u00d1OR tu Dios ser\u00e1s intachable. Las naciones cuyo territorio vas a poseer consultan todo tipo de adivinadores, pero a ti el SE\u00d1OR tu Dios no te ha permitido hacer nada de eso\u201d.<\/p>\n<p><cite>Deuteronomio cap. 18, versos 10-14<\/cite><\/p><\/blockquote>\n<p>Cuando Mois\u00e9s transmite las instrucciones de Dios a su pueblo sobre c\u00f3mo vivir una vida bendecida, proh\u00edbe el contacto con los muertos, confirmando as\u00ed la l\u00ednea entre esta vida y la eternidad.<\/p>\n<p>Tambi\u00e9n vale la pena considerar la omnipresencia de Dios y su capacidad para estar tanto en nuestra dimensi\u00f3n terrenal como en la eternidad. Sin embargo, los \u201csantos\u201d eran seres humanos terrenales que han pasado a la eternidad, pero no son omnipresentes, por lo que no pueden acceder a nuestra dimensi\u00f3n terrenal.<\/p>\n<p><\/div><\/p>","protected":false},"excerpt":{"rendered":"<p>Jes\u00fas nos ense\u00f1a a orar al Padre, no a los santos. \u201cUstedes deben orar as\u00ed: \u2018Padre nuestro que est\u00e1s en el cielo, santificado sea tu nombre\u2019\u201d. Mateo cap. 6, verso 9 Al comenzar su ense\u00f1anza sobre c\u00f3mo orar, Jes\u00fas ense\u00f1\u00f3 a sus disc\u00edpulos a orar a su Padre celestial, no a ning\u00fan santo celestial. \u201cPorque&nbsp;&#8230;  <a href=\"https:\/\/esperanzarevolucion.com\/es\/roman-catholic-practices\/praying-to-the-saints\/\" title=\"Read Rezar a los santos\">Read more&nbsp;&#8230;<\/a><\/p>\n","protected":false},"author":1,"featured_media":129,"parent":23,"menu_order":9,"comment_status":"closed","ping_status":"closed","template":"","meta":{"footnotes":""},"class_list":["post-39","page","type-page","status-publish","has-post-thumbnail","hentry"],"_links":{"self":[{"href":"https:\/\/esperanzarevolucion.com\/es\/wp-json\/wp\/v2\/pages\/39","targetHints":{"allow":["GET"]}}],"collection":[{"href":"https:\/\/esperanzarevolucion.com\/es\/wp-json\/wp\/v2\/pages"}],"about":[{"href":"https:\/\/esperanzarevolucion.com\/es\/wp-json\/wp\/v2\/types\/page"}],"author":[{"embeddable":true,"href":"https:\/\/esperanzarevolucion.com\/es\/wp-json\/wp\/v2\/users\/1"}],"replies":[{"embeddable":true,"href":"https:\/\/esperanzarevolucion.com\/es\/wp-json\/wp\/v2\/comments?post=39"}],"version-history":[{"count":9,"href":"https:\/\/esperanzarevolucion.com\/es\/wp-json\/wp\/v2\/pages\/39\/revisions"}],"predecessor-version":[{"id":269,"href":"https:\/\/esperanzarevolucion.com\/es\/wp-json\/wp\/v2\/pages\/39\/revisions\/269"}],"up":[{"embeddable":true,"href":"https:\/\/esperanzarevolucion.com\/es\/wp-json\/wp\/v2\/pages\/23"}],"wp:featuredmedia":[{"embeddable":true,"href":"https:\/\/esperanzarevolucion.com\/es\/wp-json\/wp\/v2\/media\/129"}],"wp:attachment":[{"href":"https:\/\/esperanzarevolucion.com\/es\/wp-json\/wp\/v2\/media?parent=39"}],"curies":[{"name":"wp","href":"https:\/\/api.w.org\/{rel}","templated":true}]}}