{"id":38,"date":"2025-02-05T16:15:42","date_gmt":"2025-02-05T16:15:42","guid":{"rendered":"https:\/\/esperanzarevolucion.com\/confession\/"},"modified":"2025-06-06T11:19:54","modified_gmt":"2025-06-06T11:19:54","slug":"confession","status":"publish","type":"page","link":"https:\/\/esperanzarevolucion.com\/es\/roman-catholic-practices\/confession\/","title":{"rendered":"Confesi\u00f3n"},"content":{"rendered":"<p>La Biblia no dice que hay que confesarse con un sacerdote. Simplemente es algo que la Iglesia Cat\u00f3lica Romana decret\u00f3 en el Cuarto Concilio de Letr\u00e1n en 1215.<\/p>\n<p>La base de la Iglesia Cat\u00f3lica Romana para justificar el perd\u00f3n sacerdotal proviene de Juan cap. 20, verso 23, donde Jes\u00fas dice a sus disc\u00edpulos: <em>\u201cA quienes perdonen sus pecados, les ser\u00e1n perdonados; a quienes no se los perdonen, no les ser\u00e1n perdonados\u201d.<\/em> Sin embargo, esto debe interpretarse a la luz de que es mediante la fe en la muerte y resurrecci\u00f3n de Jes\u00fas que recibimos el perd\u00f3n de los pecados. Aqu\u00ed, Jes\u00fas les est\u00e1 diciendo a sus disc\u00edpulos que digan cu\u00e1ndo se perdonan los pecados o no, pero no son ellos quienes otorgan o niegan el perd\u00f3n, sino que simplemente informan de ello.<\/p>\n<blockquote><p>\u201cEn cuanto a su muerte, muri\u00f3 al pecado una vez y para siempre\u2026\u201d.<\/p>\n<p><cite>Romanos cap. 6, verso 10<\/cite><\/p><\/blockquote>\n<p>Jes\u00fas muri\u00f3 por nuestros pecados pasados y futuros. No muere repetidamente cada vez que confesamos. \u00c9l se sacrific\u00f3 una sola vez para cubrir todos los pecados. No necesitamos confesar continuamente nuestros pecados para recibir ese perd\u00f3n. Nuestra salvaci\u00f3n no depende de nuestro arrepentimiento continuo.<\/p>\n<blockquote><p>\u201cPor lo tanto, ya no hay ninguna condenaci\u00f3n para los que est\u00e1n en Cristo Jes\u00fas\u201d.<\/p>\n<p><cite>Romanos cap. 8, verso 1<\/cite><\/p><\/blockquote>\n<p>Una vez que hemos entregado nuestra vida a Jes\u00fas, no necesitamos seguir confesando nuestros pecados para purificarnos, porque no hay condenaci\u00f3n para los creyentes.<\/p>\n<blockquote><p>\u201cDios no envi\u00f3 a su Hijo al mundo para condenar al mundo, sino para salvarlo por medio de \u00e9l\u201d.<\/p>\n<p><cite>Juan cap. 3, verso 17<\/cite><\/p><\/blockquote>\n<p>S\u00ed, h\u00e1blale a Dios de tu pecado de la misma manera en que le pedir\u00edas perd\u00f3n a un amigo o familiar a quien has ofendido o contra cuyos deseos has actuado. Pero hazlo sabiendo que Jes\u00fas ya pag\u00f3 el precio por ese pecado y que quienes creen en \u00c9l viven bajo esa gracia. Y por esa gracia, no hay condenaci\u00f3n para quienes creen en \u00c9l.<\/p>\n<a class=\"button deeper\">Deeper Dive<\/a><div class=\"deeper-content\" style=\"display:none\"><svg class=\"squigline\" xmlns=\"http:\/\/www.w3.org\/2000\/svg\" viewBox=\"0 0 1000 100\" preserveAspectRatio=\"none\">\n<path style=\"fill:none;stroke:#000000;stroke-miterlimit:10;\" d=\"M0,18.235\n\tc10.729,11.859,26.823,40.941,51.106,40.941\n\tc19.2,0,50.821-36.706,65.223-36.706\n\tc24.565,0,53.929,51.106,79.059,51.106\n\tc23.435,0,47.946-42.353,72.793-42.353\n\tc18.362,0,66.03,42.363,83.065,42.363\n\tc19.482,0,18.541-42.081,33.318-42.081\n\tc20.047,0,51.294,40.941,75.106,40.941\n\tc25.694,0,28.894-40.941,47.718-40.941\n\tc25.056,0,45.929,42.081,69.459,42.081\n\tc23.718,0,38.588-29.093,49.694-29.093\n\tc16,0,8.471,33.035,27.106,33.035\n\tc25.788,0,52.141-50.259,81.882-50.259\n\tc31.247,0,38.588,54.494,63.812,54.494\n\tc24.847,0,24.847-41.223,55.623-41.223\n\tc48.659,0,86.965,29.082,98.259,29.082\"\/>\n<\/svg>\n\n\n<h2>Profundiza<\/h2>\n<blockquote><p>\u201c\u00bfEst\u00e1 enfermo alguno de ustedes? Haga llamar a los l\u00edderes de la iglesia para que oren por \u00e9l y lo unjan con aceite en el nombre del Se\u00f1or. La oraci\u00f3n de fe sanar\u00e1 al enfermo y el Se\u00f1or lo levantar\u00e1. Y si ha cometido pecados, sus pecados se le perdonar\u00e1n. Por eso, confi\u00e9sense unos a otros sus pecados y oren unos por otros, para que sean sanados. La oraci\u00f3n del justo es poderosa y eficaz\u201d.<br \/>\n<cite>Santiago cap. 5, versos 14-16<\/cite><\/p><\/blockquote>\n<p>El contexto aqu\u00ed es que la oraci\u00f3n de alguien que ha sido declarado justo ante Dios es poderosa.<\/p>\n<p>Santiago usa espec\u00edficamente el t\u00e9rmino \u201cl\u00edderes de la iglesia\u201d para referirse a aquellos que son espiritualmente maduros y probablemente han sido designados para dirigir y guiar a la iglesia.<\/p>\n<p>Estos versos subrayan que los creyentes en Cristo deben orar por los enfermos con fe en que Dios puede sanar f\u00edsicamente a las personas. Sin embargo, la prioridad es que todos experimenten la sanidad que trae arrepentirse de sus pecados ante Dios, ya que esa sanaci\u00f3n da lugar a la salvaci\u00f3n eterna. La sanidad f\u00edsica es temporal, mientras que la reconciliaci\u00f3n con Dios es eterna.<\/p>\n<p>El verso 16 tambi\u00e9n es un recordatorio de que la confesi\u00f3n unos a otros tiene que ver con compartir la vida, incluyendo lo peor de ti, y reconocer p\u00fablicamente nuestro pecado ante Dios &#8211; lo cual no debe confundirse con la ense\u00f1anza de la Iglesia Cat\u00f3lica Romana de confesar el pecado en privado ante un sacerdote para lograr la absoluci\u00f3n, pues, como ya hemos visto, eso no tiene fundamento b\u00edblico.<\/p>\n<blockquote><p>\u201cSi afirmamos que no tenemos pecado, nos enga\u00f1amos a nosotros mismos y la verdad no est\u00e1 en nosotros. Si confesamos nuestros pecados, Dios, que es fiel y justo, nos los perdonar\u00e1 y nos limpiar\u00e1 de toda maldad\u201d.<br \/>\n<cite>1 Juan cap. 1, versos 8-9<\/cite><\/p><\/blockquote>\n<p>La confesi\u00f3n es una conversaci\u00f3n continua con Dios, ya que nunca estaremos completamente limpios hasta el regreso de Jes\u00fas, pues \u00bfqui\u00e9n puede afirmar ser perfecto? Sin embargo, lo que tambi\u00e9n est\u00e1 claro es que la muerte de Jes\u00fas en la cruz ha pagado por nuestro pecado pasado, presente y futuro. Ese perd\u00f3n es total y nos permite tener una relaci\u00f3n permanente con Dios.<\/p>\n<blockquote><p>\u00bfY para qu\u00e9 somos salvos, si no es para tener relaci\u00f3n con Dios? Si el pecado est\u00e1 da\u00f1ando esa relaci\u00f3n, entonces tiene sentido confesarlo, como lo har\u00edas si hicieras algo que molestara a un amigo o a tu pareja.<br \/>\n\u201cPor eso Cristo es mediador de un nuevo pacto, para que los llamados reciban la herencia eterna prometida, ahora que \u00e9l ha muerto para liberarlos de las transgresiones cometidas bajo el primer pacto\u201d.<br \/>\n<cite>Hebreos cap. 9, verso 15<\/cite><\/p><\/blockquote>\n<p>Cristo solucion\u00f3 el problema de nuestro pecado al sacrificarse a s\u00ed mismo y formar un nuevo pacto.<\/p>\n<blockquote><p>\u201cPor eso Cristo no entr\u00f3 en un santuario hecho por manos humanas, simple copia del verdadero santuario, sino en el cielo mismo, para presentarse ahora ante Dios en favor nuestro. Tampoco entr\u00f3 en el cielo para ofrecerse vez tras vez, como entra el sumo sacerdote en el Lugar Sant\u00edsimo cada a\u00f1o con sangre ajena. Si as\u00ed fuera, Cristo habr\u00eda tenido que sufrir muchas veces desde la creaci\u00f3n del mundo. Al contrario, ahora, al final de los tiempos, se ha presentado una sola vez y para siempre a fin de acabar con el pecado mediante el sacrificio de s\u00ed mismo\u201d.<br \/>\n<cite>Hebreos cap. 9, versos 24-26<\/cite><\/p><\/blockquote>\n<p>Cristo no se ofrece repetidamente a Dios como hac\u00eda el sumo sacerdote cada a\u00f1o bajo el antiguo pacto; si as\u00ed lo hiciera, sufrir\u00eda repetidamente.<\/p>\n<p>Por eso no tenemos que desesperarnos por cada peque\u00f1o error que cometemos ni preocuparnos por las cosas que hemos olvidado. S\u00ed, arrepi\u00e9ntete y vuelve tu coraz\u00f3n a Dios, pero Jes\u00fas ya muri\u00f3 por nuestros pecados y ahora vivimos bajo esa gracia. \u00c9l no sufre repetidamente por nosotros cada vez que nos arrepentimos. Cristo muri\u00f3 una sola vez y para siempre.<\/p>\n<p><\/div><\/p>","protected":false},"excerpt":{"rendered":"<p>La Biblia no dice que hay que confesarse con un sacerdote. Simplemente es algo que la Iglesia Cat\u00f3lica Romana decret\u00f3 en el Cuarto Concilio de Letr\u00e1n en 1215. La base de la Iglesia Cat\u00f3lica Romana para justificar el perd\u00f3n sacerdotal proviene de Juan cap. 20, verso 23, donde Jes\u00fas dice a sus disc\u00edpulos: \u201cA quienes&nbsp;&#8230;  <a href=\"https:\/\/esperanzarevolucion.com\/es\/roman-catholic-practices\/confession\/\" title=\"Read Confesi\u00f3n\">Read more&nbsp;&#8230;<\/a><\/p>\n","protected":false},"author":1,"featured_media":124,"parent":23,"menu_order":8,"comment_status":"closed","ping_status":"closed","template":"","meta":{"footnotes":""},"class_list":["post-38","page","type-page","status-publish","has-post-thumbnail","hentry"],"_links":{"self":[{"href":"https:\/\/esperanzarevolucion.com\/es\/wp-json\/wp\/v2\/pages\/38","targetHints":{"allow":["GET"]}}],"collection":[{"href":"https:\/\/esperanzarevolucion.com\/es\/wp-json\/wp\/v2\/pages"}],"about":[{"href":"https:\/\/esperanzarevolucion.com\/es\/wp-json\/wp\/v2\/types\/page"}],"author":[{"embeddable":true,"href":"https:\/\/esperanzarevolucion.com\/es\/wp-json\/wp\/v2\/users\/1"}],"replies":[{"embeddable":true,"href":"https:\/\/esperanzarevolucion.com\/es\/wp-json\/wp\/v2\/comments?post=38"}],"version-history":[{"count":13,"href":"https:\/\/esperanzarevolucion.com\/es\/wp-json\/wp\/v2\/pages\/38\/revisions"}],"predecessor-version":[{"id":264,"href":"https:\/\/esperanzarevolucion.com\/es\/wp-json\/wp\/v2\/pages\/38\/revisions\/264"}],"up":[{"embeddable":true,"href":"https:\/\/esperanzarevolucion.com\/es\/wp-json\/wp\/v2\/pages\/23"}],"wp:featuredmedia":[{"embeddable":true,"href":"https:\/\/esperanzarevolucion.com\/es\/wp-json\/wp\/v2\/media\/124"}],"wp:attachment":[{"href":"https:\/\/esperanzarevolucion.com\/es\/wp-json\/wp\/v2\/media?parent=38"}],"curies":[{"name":"wp","href":"https:\/\/api.w.org\/{rel}","templated":true}]}}