{"id":37,"date":"2025-02-05T16:15:42","date_gmt":"2025-02-05T16:15:42","guid":{"rendered":"https:\/\/esperanzarevolucion.com\/holy-orders\/"},"modified":"2025-06-06T16:00:51","modified_gmt":"2025-06-06T16:00:51","slug":"holy-orders","status":"publish","type":"page","link":"https:\/\/esperanzarevolucion.com\/es\/roman-catholic-practices\/the-sacraments\/holy-orders\/","title":{"rendered":"Ordenaci\u00f3n"},"content":{"rendered":"<p>En nuestra secci\u00f3n <a href=\"https:\/\/esperanzarevolucion.com\/roman-catholic-practices\/the-role-of-a-priest\/\">\u201cEl rol del sacerdote\u201d<\/a> abordamos por qu\u00e9 ya no necesitamos sacerdotes para acceder a Dios. Desde la muerte y resurrecci\u00f3n de Jes\u00fas, hemos sido justificados ante Dios, por lo que no necesitamos un sacerdote consagrado que act\u00fae como intermediario entre el hombre y Dios.<\/p>\n<p>Sin embargo, desde que los ap\u00f3stoles reunieron por primera vez a los creyentes de Cristo, se asignan roles para poder ense\u00f1ar y guiar a los creyentes en los caminos de Cristo.<\/p>\n<p>Pablo describe estos roles en Efesios cap. 4, versos 11-12: <em>\u201c\u00c9l mismo constituy\u00f3 a unos como ap\u00f3stoles; a otros, profetas; a otros, evangelistas; y a otros, pastores y maestros, a fin de capacitar al pueblo de Dios para la obra de servicio, para edificar el cuerpo de Cristo\u201d.<\/em><\/p>\n<p>El cuerpo de Cristo es otro t\u00e9rmino para la iglesia. Todos los roles que Pablo describe \u2014ap\u00f3stoles, profetas, evangelistas, pastores y maestros\u2014 existen con el fin de que la iglesia<em> \u201cya no seremos ni\u00f1os, zarandeados por las olas y llevados de aqu\u00ed para all\u00e1 por todo viento de ense\u00f1anza\u2026\u201d. <\/em>Efesios cap. 4, verso 14.<\/p>\n<p>En otras palabras, estos roles se asignan para guiar a la iglesia y ense\u00f1arles la Palabra de Dios para que los creyentes no se descarr\u00eden siguiendo malas o falsas ense\u00f1anzas. Por lo tanto, si bien la ordenaci\u00f3n no es un concepto b\u00edblico, los roles de ap\u00f3stol, profeta, evangelista, pastor y maestro s\u00ed se fomentan dentro de las comunidades eclesiales.<\/p>\n<p>En el siglo III se escribi\u00f3 un documento llamado la Tradici\u00f3n Apost\u00f3lica de Hip\u00f3lito que describe la ordenaci\u00f3n y el ministerio de obispos y di\u00e1conos. Estas directrices creadas por el hombre para la ordenaci\u00f3n son la base de lo que la Iglesia Cat\u00f3lica Romana usa hoy en d\u00eda.<\/p>\n<p>En el siglo XVI, muchos comenzaron a cuestionar la autoridad otorgada a obispos y sacerdotes, argumentando con justa raz\u00f3n que ese rol no era necesario debido a la muerte y resurrecci\u00f3n de Cristo. Dec\u00edan que, si bien las iglesias necesitaban gu\u00eda y ense\u00f1anza, como tambi\u00e9n dijo Pablo en Efesios 4, esos roles deb\u00edan ser asignados por las propias comunidades.<\/p>\n<p>La Iglesia Cat\u00f3lica Romana rechaz\u00f3 esa idea y en 1563 (durante el Concilio de Trento) insisti\u00f3 en la pr\u00e1ctica de la ordenaci\u00f3n, reafirmando as\u00ed la necesidad de obispos y sacerdotes y respaldando su creencia de que solo quienes son ordenados pueden administrar la eucarist\u00eda.<\/p>\n<p>En conclusi\u00f3n, sin duda los maestros y pastores tienen un rol en la iglesia, que es el de guiar y dirigir a la iglesia. Sin embargo, las pr\u00e1cticas y privilegios que la Iglesia Cat\u00f3lica Romana ha asignado a quienes son ordenados son anti b\u00edblicos.<\/p>\n<p>Para comprender por qu\u00e9 la Iglesia Cat\u00f3lica Romana existe como una estructura jer\u00e1rquica compuesta por el Papa, los obispos, los sacerdotes, etc., puedes ver <a href=\"https:\/\/esperanzarevolucion.com\/shared-history\/the-history-of-the-roman-catholic-church\/\">la historia de c\u00f3mo surgi\u00f3 la Iglesia Cat\u00f3lica Romana<\/a> tras la ca\u00edda del Imperio romano.<\/p>\n<p>&nbsp;<\/p>","protected":false},"excerpt":{"rendered":"<p>En nuestra secci\u00f3n \u201cEl rol del sacerdote\u201d abordamos por qu\u00e9 ya no necesitamos sacerdotes para acceder a Dios. Desde la muerte y resurrecci\u00f3n de Jes\u00fas, hemos sido justificados ante Dios, por lo que no necesitamos un sacerdote consagrado que act\u00fae como intermediario entre el hombre y Dios. Sin embargo, desde que los ap\u00f3stoles reunieron por&nbsp;&#8230;  <a href=\"https:\/\/esperanzarevolucion.com\/es\/roman-catholic-practices\/the-sacraments\/holy-orders\/\" title=\"Read Ordenaci\u00f3n\">Read more&nbsp;&#8230;<\/a><\/p>\n","protected":false},"author":1,"featured_media":157,"parent":105,"menu_order":7,"comment_status":"closed","ping_status":"closed","template":"","meta":{"footnotes":""},"class_list":["post-37","page","type-page","status-publish","has-post-thumbnail","hentry"],"_links":{"self":[{"href":"https:\/\/esperanzarevolucion.com\/es\/wp-json\/wp\/v2\/pages\/37","targetHints":{"allow":["GET"]}}],"collection":[{"href":"https:\/\/esperanzarevolucion.com\/es\/wp-json\/wp\/v2\/pages"}],"about":[{"href":"https:\/\/esperanzarevolucion.com\/es\/wp-json\/wp\/v2\/types\/page"}],"author":[{"embeddable":true,"href":"https:\/\/esperanzarevolucion.com\/es\/wp-json\/wp\/v2\/users\/1"}],"replies":[{"embeddable":true,"href":"https:\/\/esperanzarevolucion.com\/es\/wp-json\/wp\/v2\/comments?post=37"}],"version-history":[{"count":14,"href":"https:\/\/esperanzarevolucion.com\/es\/wp-json\/wp\/v2\/pages\/37\/revisions"}],"predecessor-version":[{"id":304,"href":"https:\/\/esperanzarevolucion.com\/es\/wp-json\/wp\/v2\/pages\/37\/revisions\/304"}],"up":[{"embeddable":true,"href":"https:\/\/esperanzarevolucion.com\/es\/wp-json\/wp\/v2\/pages\/105"}],"wp:featuredmedia":[{"embeddable":true,"href":"https:\/\/esperanzarevolucion.com\/es\/wp-json\/wp\/v2\/media\/157"}],"wp:attachment":[{"href":"https:\/\/esperanzarevolucion.com\/es\/wp-json\/wp\/v2\/media?parent=37"}],"curies":[{"name":"wp","href":"https:\/\/api.w.org\/{rel}","templated":true}]}}