{"id":36,"date":"2025-02-05T16:15:42","date_gmt":"2025-02-05T16:15:42","guid":{"rendered":"https:\/\/esperanzarevolucion.com\/marriage\/"},"modified":"2025-06-06T11:01:34","modified_gmt":"2025-06-06T11:01:34","slug":"marriage","status":"publish","type":"page","link":"https:\/\/esperanzarevolucion.com\/es\/roman-catholic-practices\/the-sacraments\/marriage\/","title":{"rendered":"Matrimonio"},"content":{"rendered":"<p>La Iglesia Cat\u00f3lica Romana ense\u00f1a err\u00f3neamente que los sacramentos son rituales o canales por medio de los cuales Dios otorga su gracia a las personas y que, al participar de los sacramentos, la persona obtiene la gracia de Dios.<\/p>\n<p>El matrimonio es la uni\u00f3n reconocida formalmente de un hombre y una mujer. En Mateo cap. 19, respondiendo a una pregunta sobre el divorcio, Jes\u00fas ofrece una buena descripci\u00f3n de lo que es el matrimonio:<\/p>\n<blockquote><p>\u201c\u2014\u00bfNo han le\u00eddo \u2014respondi\u00f3 Jes\u00fas\u2014 que en el principio el Creador \u2018los cre\u00f3 hombre y mujer\u2019 y dijo: \u2018Por eso dejar\u00e1 el hombre a su padre y a su madre, se unir\u00e1 a su mujer y los dos llegar\u00e1n a ser uno solo\u2019? As\u00ed que ya no son dos, sino uno solo. Por tanto, lo que Dios ha unido, que no lo separe el hombre.\u201d<\/p>\n<p><cite>Mateo cap. 19, versos 4-6<\/cite><\/p><\/blockquote>\n<p>Seg\u00fan esta definici\u00f3n, el matrimonio es cuando un hombre y una mujer dejan a sus respectivas familias y se convierten en una nueva entidad como uno solo, juntos ante Dios.<\/p>\n<p>Entonces, \u00bfde qu\u00e9 forma lo que solo era el proceso de uni\u00f3n entre un hombre y una mujer pas\u00f3 a verse equivocadamente como una ceremonia donde Dios administra su gracia a las personas?<\/p>\n<p>En el siglo III, los cristianos que segu\u00edan las ceremonias matrimoniales que se celebraban en la sociedad civil introdujeron las bendiciones y la eucarist\u00eda en las bodas romanas. Para el segundo milenio, los gobernantes europeos hab\u00edan otorgado a los obispos y a sus asistentes la autoridad para oficiar matrimonios. Y en 1274, la Iglesia Cat\u00f3lica Romana incluy\u00f3 el matrimonio entre los siete sacramentos instituidos por Cristo.<\/p>\n<p>En conclusi\u00f3n, el matrimonio es algo hermoso dise\u00f1ado por Dios para unir \u00edntimamente a un hombre y una mujer. Jes\u00fas asisti\u00f3 a una boda (Juan cap. 2) y us\u00f3 las bodas como ejemplos en algunas de sus par\u00e1bolas.<\/p>\n<p>Asimismo podemos concluir que las bodas, la celebraci\u00f3n p\u00fablica de la uni\u00f3n matrimonial, tambi\u00e9n son buenas.<\/p>\n<p>Sin embargo, la Biblia no dice que Dios use el matrimonio como un modo en que las personas pueden alcanzar su gracia. De hecho, dice lo contrario: que su gracia es un regalo gratuito que no se puede ganar:<\/p>\n<blockquote><p>\u201cPorque por gracia ustedes han sido salvados mediante la fe. Esto no procede de ustedes, sino que es el regalo de Dios y no por obras, para que nadie se jacte\u201d.<\/p>\n<p><cite>Efesios cap. 2, versos 8-9<\/cite><\/p><\/blockquote>\n<p>Pablo lo expresa de la forma m\u00e1s sencilla posible: somos salvos por gracia mediante la fe en Jes\u00fas, no por nuestras propias acciones. Nuestra salvaci\u00f3n es obra de Dios. Es un regalo gratuito dado por \u00e9l. No podemos ganarla haciendo buenas obras ni participando de los sacramentos.<\/p>","protected":false},"excerpt":{"rendered":"<p>La Iglesia Cat\u00f3lica Romana ense\u00f1a err\u00f3neamente que los sacramentos son rituales o canales por medio de los cuales Dios otorga su gracia a las personas y que, al participar de los sacramentos, la persona obtiene la gracia de Dios. El matrimonio es la uni\u00f3n reconocida formalmente de un hombre y una mujer. En Mateo cap.&nbsp;&#8230;  <a href=\"https:\/\/esperanzarevolucion.com\/es\/roman-catholic-practices\/the-sacraments\/marriage\/\" title=\"Read Matrimonio\">Read more&nbsp;&#8230;<\/a><\/p>\n","protected":false},"author":1,"featured_media":120,"parent":105,"menu_order":6,"comment_status":"closed","ping_status":"closed","template":"","meta":{"footnotes":""},"class_list":["post-36","page","type-page","status-publish","has-post-thumbnail","hentry"],"_links":{"self":[{"href":"https:\/\/esperanzarevolucion.com\/es\/wp-json\/wp\/v2\/pages\/36","targetHints":{"allow":["GET"]}}],"collection":[{"href":"https:\/\/esperanzarevolucion.com\/es\/wp-json\/wp\/v2\/pages"}],"about":[{"href":"https:\/\/esperanzarevolucion.com\/es\/wp-json\/wp\/v2\/types\/page"}],"author":[{"embeddable":true,"href":"https:\/\/esperanzarevolucion.com\/es\/wp-json\/wp\/v2\/users\/1"}],"replies":[{"embeddable":true,"href":"https:\/\/esperanzarevolucion.com\/es\/wp-json\/wp\/v2\/comments?post=36"}],"version-history":[{"count":6,"href":"https:\/\/esperanzarevolucion.com\/es\/wp-json\/wp\/v2\/pages\/36\/revisions"}],"predecessor-version":[{"id":249,"href":"https:\/\/esperanzarevolucion.com\/es\/wp-json\/wp\/v2\/pages\/36\/revisions\/249"}],"up":[{"embeddable":true,"href":"https:\/\/esperanzarevolucion.com\/es\/wp-json\/wp\/v2\/pages\/105"}],"wp:featuredmedia":[{"embeddable":true,"href":"https:\/\/esperanzarevolucion.com\/es\/wp-json\/wp\/v2\/media\/120"}],"wp:attachment":[{"href":"https:\/\/esperanzarevolucion.com\/es\/wp-json\/wp\/v2\/media?parent=36"}],"curies":[{"name":"wp","href":"https:\/\/api.w.org\/{rel}","templated":true}]}}