{"id":35,"date":"2025-02-05T16:15:42","date_gmt":"2025-02-05T16:15:42","guid":{"rendered":"https:\/\/esperanzarevolucion.com\/anointing-of-the-sick\/"},"modified":"2025-06-06T10:58:58","modified_gmt":"2025-06-06T10:58:58","slug":"anointing-of-the-sick","status":"publish","type":"page","link":"https:\/\/esperanzarevolucion.com\/es\/roman-catholic-practices\/the-sacraments\/anointing-of-the-sick\/","title":{"rendered":"Unci\u00f3n de los enfermos"},"content":{"rendered":"<p>En su forma m\u00e1s simple, orar por los enfermos es algo bueno. Especialmente por aquellos que est\u00e1n en el final de su vida. En esos momentos, muchas personas se abren a la posibilidad de una vida despu\u00e9s de la muerte, cosa que puede conducirles a la reconciliaci\u00f3n con Dios.<\/p>\n<p>Cuando Jes\u00fas envi\u00f3 a los 12 disc\u00edpulos, Marcos dice:<\/p>\n<blockquote><p>\u201cLos doce salieron y exhortaban a la gente a que se arrepintiera. Tambi\u00e9n expulsaban a muchos demonios y sanaban a muchos enfermos, ungi\u00e9ndolos con aceite\u201d. Claramente, Jes\u00fas anima a sus seguidores a orar por los enfermos.<\/p>\n<p><cite>Marcos cap. 6, versos 12-13<\/cite><\/p><\/blockquote>\n<p>Santiago reafirma que orar por los enfermos es algo que los creyentes en Cristo deber\u00edan hacer. Ver Santiago cap. 5, verso 14: <em>\u201c\u00bfEst\u00e1 enfermo alguno de ustedes? Haga llamar a los l\u00edderes de la iglesia para que oren por \u00e9l y lo unjan con aceite en el nombre del Se\u00f1or\u201d.<\/em><\/p>\n<p>Debemos se\u00f1alar dos cosas aqu\u00ed:<\/p>\n<p>1. El \u00e9nfasis en que los enfermos \u201cpidan\u201d oraci\u00f3n. Santiago anima a los enfermos a clamar a Dios y a depositar su fe en \u00c9l en momentos de necesidad.<\/p>\n<p>2. Santiago tambi\u00e9n anima a los enfermos a ser ungidos con aceite, pero cabe destacar que el aceite se usaba y se usa en Oriente Medio con fines medicinales. La palabra \u201cungir\u201d en este caso tambi\u00e9n tiene un significado medicinal. Este texto no es un llamado a que los enfermos sean ungidos con un sacramento y preparados para la muerte. Esta \u201cunci\u00f3n\u201d tiene como prop\u00f3sito la sanaci\u00f3n, no la muerte.<\/p>\n<p>En los versos 15 y 16, Santiago dice m\u00e1s:<\/p>\n<blockquote><p>\u201cLa oraci\u00f3n de fe sanar\u00e1 al enfermo y el Se\u00f1or lo levantar\u00e1. Y si ha cometido pecados, sus pecados se le perdonar\u00e1n. Por eso, confi\u00e9sense unos a otros sus pecados y oren unos por otros, para que sean sanados. La oraci\u00f3n del justo es poderosa y eficaz\u201d.<cite>Marcos cap. 6, versos 15 y 16<\/cite><\/p><\/blockquote>\n<p>Santiago nos recuerda en el verso 15 que los creyentes en Cristo deben orar por los enfermos con fe en que Dios puede sanar f\u00edsicamente a las personas. Sin embargo, la prioridad es que todos experimenten la sanidad que trae arrepentirse de sus pecados ante Dios, ya que esa sanaci\u00f3n da lugar a la salvaci\u00f3n eterna. La sanaci\u00f3n f\u00edsica es temporal, mientras que la reconciliaci\u00f3n con Dios es eterna.<\/p>\n<p>La Iglesia Cat\u00f3lica Romana introdujo la unci\u00f3n de los enfermos en el Cuarto Concilio de Letr\u00e1n en 1215, donde se decret\u00f3 que antes de recetar medicamentos, se deb\u00eda llamar a un sacerdote para velar por el bienestar espiritual del enfermo. La Biblia nos muestra que esa funci\u00f3n no necesita ser desempe\u00f1ada por un sacerdote, sino que cualquier creyente puede orar por los enfermos.<\/p>\n<p>Pablo tambi\u00e9n nos recuerda en el verso 16 que la confesi\u00f3n unos a otros tiene que ver con compartir la vida y reconocer p\u00fablicamente nuestro pecado ante Dios, y no con la ense\u00f1anza de la Iglesia Cat\u00f3lica Romana de confesar el pecado en privado ante un sacerdote para lograr la absoluci\u00f3n, lo cual no tiene fundamento b\u00edblico. Vea m\u00e1s sobre<a href=\"https:\/\/esperanzarevolucion.com\/roman-catholic-practices\/confession\/\"> la confesi\u00f3n<\/a>.<\/p>","protected":false},"excerpt":{"rendered":"<p>En su forma m\u00e1s simple, orar por los enfermos es algo bueno. Especialmente por aquellos que est\u00e1n en el final de su vida. En esos momentos, muchas personas se abren a la posibilidad de una vida despu\u00e9s de la muerte, cosa que puede conducirles a la reconciliaci\u00f3n con Dios. Cuando Jes\u00fas envi\u00f3 a los 12&nbsp;&#8230;  <a href=\"https:\/\/esperanzarevolucion.com\/es\/roman-catholic-practices\/the-sacraments\/anointing-of-the-sick\/\" title=\"Read Unci\u00f3n de los enfermos\">Read more&nbsp;&#8230;<\/a><\/p>\n","protected":false},"author":1,"featured_media":162,"parent":105,"menu_order":5,"comment_status":"closed","ping_status":"closed","template":"","meta":{"footnotes":""},"class_list":["post-35","page","type-page","status-publish","has-post-thumbnail","hentry"],"_links":{"self":[{"href":"https:\/\/esperanzarevolucion.com\/es\/wp-json\/wp\/v2\/pages\/35","targetHints":{"allow":["GET"]}}],"collection":[{"href":"https:\/\/esperanzarevolucion.com\/es\/wp-json\/wp\/v2\/pages"}],"about":[{"href":"https:\/\/esperanzarevolucion.com\/es\/wp-json\/wp\/v2\/types\/page"}],"author":[{"embeddable":true,"href":"https:\/\/esperanzarevolucion.com\/es\/wp-json\/wp\/v2\/users\/1"}],"replies":[{"embeddable":true,"href":"https:\/\/esperanzarevolucion.com\/es\/wp-json\/wp\/v2\/comments?post=35"}],"version-history":[{"count":8,"href":"https:\/\/esperanzarevolucion.com\/es\/wp-json\/wp\/v2\/pages\/35\/revisions"}],"predecessor-version":[{"id":245,"href":"https:\/\/esperanzarevolucion.com\/es\/wp-json\/wp\/v2\/pages\/35\/revisions\/245"}],"up":[{"embeddable":true,"href":"https:\/\/esperanzarevolucion.com\/es\/wp-json\/wp\/v2\/pages\/105"}],"wp:featuredmedia":[{"embeddable":true,"href":"https:\/\/esperanzarevolucion.com\/es\/wp-json\/wp\/v2\/media\/162"}],"wp:attachment":[{"href":"https:\/\/esperanzarevolucion.com\/es\/wp-json\/wp\/v2\/media?parent=35"}],"curies":[{"name":"wp","href":"https:\/\/api.w.org\/{rel}","templated":true}]}}