{"id":34,"date":"2025-02-05T16:15:42","date_gmt":"2025-02-05T16:15:42","guid":{"rendered":"https:\/\/esperanzarevolucion.com\/reconciliation\/"},"modified":"2025-06-06T10:52:13","modified_gmt":"2025-06-06T10:52:13","slug":"reconciliation","status":"publish","type":"page","link":"https:\/\/esperanzarevolucion.com\/es\/roman-catholic-practices\/the-sacraments\/reconciliation\/","title":{"rendered":"Reconciliaci\u00f3n"},"content":{"rendered":"<p>En la doctrina cat\u00f3lica romana, el sacramento de la reconciliaci\u00f3n incluye cuatro etapas del perd\u00f3n: contrici\u00f3n de coraz\u00f3n, confesi\u00f3n oral, absoluci\u00f3n (dada por un sacerdote) y satisfacci\u00f3n o penitencia.<\/p>\n<p>Este proceso de arrepentimiento y confesi\u00f3n de nuestros pecados, seguido de la absoluci\u00f3n y la reparaci\u00f3n de nuestros errores mediante el pago de una penitencia carece de fundamento b\u00edblico y no fue ense\u00f1ado por Jes\u00fas. De hecho, la Biblia dice lo contrario.<\/p>\n<blockquote><p>\u201cPues sabemos que Cristo, por haber sido levantado de entre los muertos, ya no puede volver a morir; la muerte ya no tiene dominio sobre \u00e9l. En cuanto a su muerte, muri\u00f3 al pecado una vez y para siempre\u2026\u201d.<\/p>\n<p><cite>Romanos cap. 6, versos 9-10<\/cite><\/p><\/blockquote>\n<p><strong>Jes\u00fas muri\u00f3 por nuestros pecados pasados y futuros.<\/strong> No muere repetidamente cada vez que nos confesamos. Se sacrific\u00f3 una vez para cubrir todos los pecados. No necesitamos confesar continuamente nuestros pecados para recibir ese perd\u00f3n. No es necesario que un sacerdote confirme nuestra confesi\u00f3n. No tenemos que hacer nada para pagar por nuestro pecado. Jes\u00fas ya pag\u00f3 en nuestro lugar.<\/p>\n<blockquote><p>\u201cPor lo tanto, ya no hay ninguna condenaci\u00f3n para los que est\u00e1n en Cristo Jes\u00fas\u201d.<\/p>\n<p><cite>Romanos cap. 8, verso 1<\/cite><\/p><\/blockquote>\n<p>Una vez que hemos entregado nuestra vida a Jes\u00fas, no hay necesidad de entrar en ese ciclo de confesiones para purificarnos, porque no hay condenaci\u00f3n para los creyentes.<\/p>\n<p>En Juan cap. 8, versos 3-11, una mujer sorprendida en el acto de adulterio es llevada ante Jes\u00fas. La multitud le pregunta a Jes\u00fas si deben apedrearla por el acto que ha cometido, y Jes\u00fas responde: <em>\u201cAquel de ustedes que est\u00e9 libre de pecado, que tire la primera piedra\u201d. <\/em>Mientras la multitud se dispersa lentamente, dejando a la mujer sola con Jes\u00fas, \u00c9l le pregunta: \u201cMujer, \u00bfd\u00f3nde est\u00e1n? \u00bfYa nadie te condena?\u201d. Ella responde: \u201cNadie, Se\u00f1or\u201d. Y Jes\u00fas le responde: <em>\u201cTampoco yo te condeno; ahora vete, y no vuelvas a pecar\u201d.<\/em><\/p>\n<p>Las tres cosas que destacan en esta historia son:<\/p>\n<h2>1. Jes\u00fas vino a salvar, no a condenar.<\/h2>\n<blockquote><p>\u201cDios no envi\u00f3 a su Hijo al mundo para condenar al mundo, sino para salvarlo por medio de \u00e9l\u201d.<\/p>\n<p><cite>Juan cap. 3, verso 17<\/cite><\/p><\/blockquote>\n<p>Los creyentes en Cristo deben vivir sabiendo que Jes\u00fas ya ha pagado el precio por nuestros pecados y que no hay condenaci\u00f3n para quienes creen en \u00c9l.<\/p>\n<h2>2. Quienes creen en Jes\u00fas son perdonados.<\/h2>\n<p>Cuando la mujer de esta historia habla con Jes\u00fas, lo llama \u201cSe\u00f1or\u201d (la palabra griega \u201ckyrios\u201d). Varios expertos comentan que al llamar a Jes\u00fas \u201cSe\u00f1or\u201d, reconoce que es el Hijo de Dios. Y, al ver su fe, Jes\u00fas la perdon\u00f3.<\/p>\n<h2>3. Jes\u00fas le dice a la mujer <em>\u201cvete, y no vuelvas a pecar\u201d.<\/em><\/h2>\n<p>Es imposible vivir una vida sin pecado. Incluso Pablo, en Romanos cap. 7, verso 15, menciona que es incapaz de vivir as\u00ed: <em>\u201cNo entiendo lo que me pasa, pues no hago lo que quiero, sino lo que aborrezco\u201d.<\/em><\/p>\n<p>Entonces, \u00bfpor qu\u00e9 Jes\u00fas le dice que haga lo imposible? Porque est\u00e1 hablando a una creyente. Est\u00e1 hablando de una vida de fe en \u00c9l. De creer que \u00c9l es el que vino a traer perd\u00f3n. De creer que, mediante su muerte y resurrecci\u00f3n, los pecados de todos los que creen ser\u00e1n perdonados.<\/p>\n<p>S\u00ed, h\u00e1blale a Dios de tu pecado, pero hazlo sabiendo que Jes\u00fas ya pag\u00f3 el precio y que no hay condenaci\u00f3n para quienes creen en \u00c9l. No tienes que hacer nada para obtener el perd\u00f3n. Solo cree en Jes\u00fas.<\/p>\n<p>Tambi\u00e9n cabe mencionar que las indulgencias y los rituales como visitar un lugar sagrado, recitar una oraci\u00f3n prescrita o hacer caridad con tal de expiar los pecados fueron introducidos por la Iglesia Cat\u00f3lica Romana en 1095. Esta pr\u00e1ctica todav\u00eda se ense\u00f1a err\u00f3neamente como una forma de obtener el perd\u00f3n de Dios.<\/p>\n<svg class=\"squigline\" xmlns=\"http:\/\/www.w3.org\/2000\/svg\" viewBox=\"0 0 1000 100\" preserveAspectRatio=\"none\">\n<path style=\"fill:none;stroke:#000000;stroke-miterlimit:10;\" d=\"M0,18.235\n\tc10.729,11.859,26.823,40.941,51.106,40.941\n\tc19.2,0,50.821-36.706,65.223-36.706\n\tc24.565,0,53.929,51.106,79.059,51.106\n\tc23.435,0,47.946-42.353,72.793-42.353\n\tc18.362,0,66.03,42.363,83.065,42.363\n\tc19.482,0,18.541-42.081,33.318-42.081\n\tc20.047,0,51.294,40.941,75.106,40.941\n\tc25.694,0,28.894-40.941,47.718-40.941\n\tc25.056,0,45.929,42.081,69.459,42.081\n\tc23.718,0,38.588-29.093,49.694-29.093\n\tc16,0,8.471,33.035,27.106,33.035\n\tc25.788,0,52.141-50.259,81.882-50.259\n\tc31.247,0,38.588,54.494,63.812,54.494\n\tc24.847,0,24.847-41.223,55.623-41.223\n\tc48.659,0,86.965,29.082,98.259,29.082\"\/>\n<\/svg>\n\n<p><strong>En conclusi\u00f3n,<\/strong> este proceso de reconciliaci\u00f3n (arrepentirse, confesar nuestros pecados, recibir la absoluci\u00f3n y compensar nuestras faltas haciendo penitencia) fue creado por la Iglesia Cat\u00f3lica Romana. No tiene fundamento b\u00edblico. Al creer en Jes\u00fas, recibimos el don gratuito del perd\u00f3n de nuestros pecados pasados, presentes y futuros.<\/p>\n<a class=\"button deeper\">Deeper Dive<\/a><div class=\"deeper-content\" style=\"display:none\"><svg class=\"squigline\" xmlns=\"http:\/\/www.w3.org\/2000\/svg\" viewBox=\"0 0 1000 100\" preserveAspectRatio=\"none\">\n<path style=\"fill:none;stroke:#000000;stroke-miterlimit:10;\" d=\"M0,18.235\n\tc10.729,11.859,26.823,40.941,51.106,40.941\n\tc19.2,0,50.821-36.706,65.223-36.706\n\tc24.565,0,53.929,51.106,79.059,51.106\n\tc23.435,0,47.946-42.353,72.793-42.353\n\tc18.362,0,66.03,42.363,83.065,42.363\n\tc19.482,0,18.541-42.081,33.318-42.081\n\tc20.047,0,51.294,40.941,75.106,40.941\n\tc25.694,0,28.894-40.941,47.718-40.941\n\tc25.056,0,45.929,42.081,69.459,42.081\n\tc23.718,0,38.588-29.093,49.694-29.093\n\tc16,0,8.471,33.035,27.106,33.035\n\tc25.788,0,52.141-50.259,81.882-50.259\n\tc31.247,0,38.588,54.494,63.812,54.494\n\tc24.847,0,24.847-41.223,55.623-41.223\n\tc48.659,0,86.965,29.082,98.259,29.082\"\/>\n<\/svg>\n\n\n<h2>Profundiza<\/h2>\n<p>Este proceso de reconciliaci\u00f3n surgi\u00f3 cuando la Iglesia Cat\u00f3lica Romana reconoci\u00f3 que los pecados de quienes ya estaban bautizados da\u00f1aban la reputaci\u00f3n e imagen de la Iglesia. Crearon un sistema de penitencia que no solo servir\u00eda para que la persona se ganara el perd\u00f3n de Dios, sino que tambi\u00e9n ayudar\u00eda a esa persona a reconciliarse con la comunidad de creyentes.<\/p>\n<blockquote><p>\u201cEs ya del dominio p\u00fablico que hay entre ustedes \u2026 uno de ustedes tiene por mujer a la esposa de su padre\u2026 \u00bfNo debieran, m\u00e1s bien, haber\u2026 expulsado de entre ustedes al que hizo tal cosa?\u201d.<\/p>\n<p><cite>1 Corintios cap. 5, versos 1-2<\/cite><\/p><\/blockquote>\n<p>A veces la Biblia ofrece medidas pr\u00e1cticas para quienes pecan continuamente o si el pecado de alguien perjudica a la comunidad, como en el ejemplo anterior. Pero eso es para ayudar a los creyentes a perdonar, tal como estamos llamados a hacer, porque Jes\u00fas ya muri\u00f3 por el pecado de esa persona.<\/p>\n<p><\/div><\/p>","protected":false},"excerpt":{"rendered":"<p>En la doctrina cat\u00f3lica romana, el sacramento de la reconciliaci\u00f3n incluye cuatro etapas del perd\u00f3n: contrici\u00f3n de coraz\u00f3n, confesi\u00f3n oral, absoluci\u00f3n (dada por un sacerdote) y satisfacci\u00f3n o penitencia. Este proceso de arrepentimiento y confesi\u00f3n de nuestros pecados, seguido de la absoluci\u00f3n y la reparaci\u00f3n de nuestros errores mediante el pago de una penitencia carece&nbsp;&#8230;  <a href=\"https:\/\/esperanzarevolucion.com\/es\/roman-catholic-practices\/the-sacraments\/reconciliation\/\" title=\"Read Reconciliaci\u00f3n\">Read more&nbsp;&#8230;<\/a><\/p>\n","protected":false},"author":1,"featured_media":117,"parent":105,"menu_order":4,"comment_status":"closed","ping_status":"closed","template":"","meta":{"footnotes":""},"class_list":["post-34","page","type-page","status-publish","has-post-thumbnail","hentry"],"_links":{"self":[{"href":"https:\/\/esperanzarevolucion.com\/es\/wp-json\/wp\/v2\/pages\/34","targetHints":{"allow":["GET"]}}],"collection":[{"href":"https:\/\/esperanzarevolucion.com\/es\/wp-json\/wp\/v2\/pages"}],"about":[{"href":"https:\/\/esperanzarevolucion.com\/es\/wp-json\/wp\/v2\/types\/page"}],"author":[{"embeddable":true,"href":"https:\/\/esperanzarevolucion.com\/es\/wp-json\/wp\/v2\/users\/1"}],"replies":[{"embeddable":true,"href":"https:\/\/esperanzarevolucion.com\/es\/wp-json\/wp\/v2\/comments?post=34"}],"version-history":[{"count":16,"href":"https:\/\/esperanzarevolucion.com\/es\/wp-json\/wp\/v2\/pages\/34\/revisions"}],"predecessor-version":[{"id":239,"href":"https:\/\/esperanzarevolucion.com\/es\/wp-json\/wp\/v2\/pages\/34\/revisions\/239"}],"up":[{"embeddable":true,"href":"https:\/\/esperanzarevolucion.com\/es\/wp-json\/wp\/v2\/pages\/105"}],"wp:featuredmedia":[{"embeddable":true,"href":"https:\/\/esperanzarevolucion.com\/es\/wp-json\/wp\/v2\/media\/117"}],"wp:attachment":[{"href":"https:\/\/esperanzarevolucion.com\/es\/wp-json\/wp\/v2\/media?parent=34"}],"curies":[{"name":"wp","href":"https:\/\/api.w.org\/{rel}","templated":true}]}}