{"id":33,"date":"2025-02-05T16:15:42","date_gmt":"2025-02-05T16:15:42","guid":{"rendered":"https:\/\/esperanzarevolucion.com\/confirmation\/"},"modified":"2025-06-06T15:55:44","modified_gmt":"2025-06-06T15:55:44","slug":"confirmation","status":"publish","type":"page","link":"https:\/\/esperanzarevolucion.com\/es\/roman-catholic-practices\/the-sacraments\/confirmation\/","title":{"rendered":"Confirmaci\u00f3n"},"content":{"rendered":"<p>Es importante se\u00f1alar que no hay nada en la Biblia que sugiera que los seguidores de Jes\u00fas necesiten ser \u201cconfirmados\u201d. La idea fue concebida y establecida en el Concilio de Trento de 1563.<\/p>\n<p>La confirmaci\u00f3n se considera la culminaci\u00f3n del bautismo, donde un creyente recibe el Esp\u00edritu Santo y un obispo lo \u201cconfirma\u201d y lo incorpora a la Iglesia Cat\u00f3lica Romana.<\/p>\n<p>La Iglesia Cat\u00f3lica Romana argumenta que la confirmaci\u00f3n proviene de Hechos 19, donde Pablo se reuni\u00f3 con algunos disc\u00edpulos en Corinto. Pero veremos que esta justificaci\u00f3n es err\u00f3nea.<\/p>\n<blockquote><p>\u201c\u2014\u00bfRecibieron ustedes el Esp\u00edritu Santo cuando creyeron? \u2014pregunt\u00f3 Pablo.<br \/>\n\u2014No, ni siquiera hemos o\u00eddo hablar del Esp\u00edritu Santo \u2014respondieron.<br \/>\n\u2014Entonces, \u00bfqu\u00e9 bautismo recibieron? \u2014pregunt\u00f3.<br \/>\n\u2014El bautismo de Juan \u2014respondieron.<br \/>\nPablo les explic\u00f3:<br \/>\n\u2014Juan bautiz\u00f3 con un bautismo de arrepentimiento, y le indicaba a la gente que creyera en el que vendr\u00eda despu\u00e9s de \u00e9l, es decir, en Jes\u00fas.<br \/>\nAl o\u00edr esto, fueron bautizados en el nombre del Se\u00f1or Jes\u00fas. Cuando Pablo les impuso las manos, el Esp\u00edritu Santo vino sobre ellos y empezaron a hablar en lenguas y a profetizar.<cite>Hechos 19, versos 2-6<\/cite><\/p><\/blockquote>\n<p>Se trata de una situaci\u00f3n muy espec\u00edfica, en la que estos disc\u00edpulos hab\u00edan recibido la versi\u00f3n del bautismo que Juan el Bautista ense\u00f1aba antes de Jes\u00fas. Pero no tiene cabida en la sociedad actual ya que, desde el d\u00eda de Pentecost\u00e9s, el Esp\u00edritu Santo reside en todos los que se arrepienten y creen en Jes\u00fas.<\/p>\n<blockquote><p>\u201cEn \u00e9l tambi\u00e9n ustedes, cuando oyeron el mensaje de la verdad, el evangelio que les trajo la salvaci\u00f3n, y lo creyeron, fueron marcados con el sello que es el Esp\u00edritu Santo prometido. Este garantiza nuestra herencia hasta que llegue la redenci\u00f3n final del pueblo adquirido por Dios, para alabanza de su gloria\u201d.<\/p>\n<p><cite>Efesios cap. 1, versos 13-14<\/cite><\/p><\/blockquote>\n<blockquote><p>\u201cSolo quiero que me respondan a esto: \u00bfRecibieron el Esp\u00edritu por las obras que demanda la Ley o por la fe con que aceptaron el mensaje?\u201d.<\/p>\n<p><cite>G\u00e1latas cap. 3, verso 2<\/cite><\/p><\/blockquote>\n<blockquote><p>\u201c\u00bfAcaso no saben que su cuerpo es templo del Esp\u00edritu Santo, quien est\u00e1 en ustedes y al que han recibido de parte de Dios?\u201d.<\/p>\n<p><cite>1 Corintios cap. 6, verso 19<\/cite><\/p><\/blockquote>\n<blockquote><p>\u201cSin embargo, ustedes no viven seg\u00fan la carne, sino seg\u00fan el Esp\u00edritu, si es que el Esp\u00edritu de Dios vive en ustedes. Y si alguno no tiene el Esp\u00edritu de Cristo, no es de Cristo\u201d.<\/p>\n<p><cite>Romanos cap. 8, verso 9<\/cite><\/p><\/blockquote>\n<p>Al creer en las buenas noticias de la salvaci\u00f3n por la fe en Jes\u00fas, recibimos el Esp\u00edritu Santo. Para que esto tenga lugar, no necesitamos que un obispo lo confirme. Recibimos el Esp\u00edritu Santo desde el momento en que creemos.<\/p>","protected":false},"excerpt":{"rendered":"<p>Es importante se\u00f1alar que no hay nada en la Biblia que sugiera que los seguidores de Jes\u00fas necesiten ser \u201cconfirmados\u201d. La idea fue concebida y establecida en el Concilio de Trento de 1563. La confirmaci\u00f3n se considera la culminaci\u00f3n del bautismo, donde un creyente recibe el Esp\u00edritu Santo y un obispo lo \u201cconfirma\u201d y lo&nbsp;&#8230;  <a href=\"https:\/\/esperanzarevolucion.com\/es\/roman-catholic-practices\/the-sacraments\/confirmation\/\" title=\"Read Confirmaci\u00f3n\">Read more&nbsp;&#8230;<\/a><\/p>\n","protected":false},"author":1,"featured_media":114,"parent":105,"menu_order":3,"comment_status":"closed","ping_status":"closed","template":"","meta":{"footnotes":""},"class_list":["post-33","page","type-page","status-publish","has-post-thumbnail","hentry"],"_links":{"self":[{"href":"https:\/\/esperanzarevolucion.com\/es\/wp-json\/wp\/v2\/pages\/33","targetHints":{"allow":["GET"]}}],"collection":[{"href":"https:\/\/esperanzarevolucion.com\/es\/wp-json\/wp\/v2\/pages"}],"about":[{"href":"https:\/\/esperanzarevolucion.com\/es\/wp-json\/wp\/v2\/types\/page"}],"author":[{"embeddable":true,"href":"https:\/\/esperanzarevolucion.com\/es\/wp-json\/wp\/v2\/users\/1"}],"replies":[{"embeddable":true,"href":"https:\/\/esperanzarevolucion.com\/es\/wp-json\/wp\/v2\/comments?post=33"}],"version-history":[{"count":10,"href":"https:\/\/esperanzarevolucion.com\/es\/wp-json\/wp\/v2\/pages\/33\/revisions"}],"predecessor-version":[{"id":298,"href":"https:\/\/esperanzarevolucion.com\/es\/wp-json\/wp\/v2\/pages\/33\/revisions\/298"}],"up":[{"embeddable":true,"href":"https:\/\/esperanzarevolucion.com\/es\/wp-json\/wp\/v2\/pages\/105"}],"wp:featuredmedia":[{"embeddable":true,"href":"https:\/\/esperanzarevolucion.com\/es\/wp-json\/wp\/v2\/media\/114"}],"wp:attachment":[{"href":"https:\/\/esperanzarevolucion.com\/es\/wp-json\/wp\/v2\/media?parent=33"}],"curies":[{"name":"wp","href":"https:\/\/api.w.org\/{rel}","templated":true}]}}