{"id":32,"date":"2025-02-05T16:15:42","date_gmt":"2025-02-05T16:15:42","guid":{"rendered":"https:\/\/esperanzarevolucion.com\/eucharist\/"},"modified":"2025-06-05T18:37:46","modified_gmt":"2025-06-05T18:37:46","slug":"eucharist","status":"publish","type":"page","link":"https:\/\/esperanzarevolucion.com\/es\/roman-catholic-practices\/the-sacraments\/eucharist\/","title":{"rendered":"Eucarist\u00eda"},"content":{"rendered":"<p>La noche antes de ser crucificado, Jes\u00fas comparti\u00f3 la cena de la Pascua jud\u00eda con sus disc\u00edpulos. Lucas 22, versos 19-22, nos dice lo que ocurri\u00f3 durante esa cena:<\/p>\n<blockquote><p>\u201cTambi\u00e9n tom\u00f3 pan y, despu\u00e9s de dar gracias, lo parti\u00f3, se lo dio a ellos y dijo:<br \/>\n\u2014Esto es mi cuerpo, entregado por ustedes; hagan esto en memoria de m\u00ed.<br \/>\nDe la misma manera, tom\u00f3 la copa despu\u00e9s de cenar y dijo:<br \/>\n\u2014Esta copa es el nuevo pacto en mi sangre, que es derramada por ustedes. Pero sepan que la mano del que va a traicionarme est\u00e1 con la m\u00eda sobre la mesa. El Hijo del hombre se ir\u00e1 seg\u00fan est\u00e1 determinado, pero \u00a1ay de aquel que lo traiciona!\u201d.<br \/>\n<cite>Lucas 22, versos 19-22<\/cite><\/p><\/blockquote>\n<p>Los puntos clave a destacar aqu\u00ed son que Jes\u00fas sab\u00eda perfectamente que su traici\u00f3n y muerte estaban a punto de ocurrir. \u00c9l sab\u00eda la importancia que su muerte tendr\u00eda para la humanidad, y les mostr\u00f3 a sus seguidores algo que pod\u00edan hacer para recordarla.<\/p>\n<p>Usando el pan y el vino de la cena pascual, les anunci\u00f3 que su cuerpo iba a ser partido y que su sangre iba a ser derramada.<\/p>\n<p>Lee el relato de Mateo sobre la misma escena:<\/p>\n<blockquote><p>\u201cMientras com\u00edan, Jes\u00fas tom\u00f3 pan y lo bendijo. Luego lo parti\u00f3 y se lo dio a sus disc\u00edpulos, dici\u00e9ndoles:<br \/>\n\u2014Tomen y coman; esto es mi cuerpo.<br \/>\nDespu\u00e9s tom\u00f3 una copa, dio gracias y se la dio a ellos dici\u00e9ndoles:<br \/>\n\u2014Beban de ella todos ustedes. Esto es mi sangre del pacto que es derramada por muchos para el perd\u00f3n de pecados\u201d.<\/p>\n<p><cite>Mateo 26, versos 26-28<\/cite><\/p><\/blockquote>\n<p>En ambos relatos vemos que fue Jes\u00fas quien parti\u00f3 el pan y quien tom\u00f3 la copa. Estaba queriendo decir que su cuerpo iba a ser partido y su sangre derramada.<\/p>\n<p>Lo \u00fanico que pod\u00eda expiar nuestro pecado era el sacrificio de alguien sin pecado. Su sacrificio traer\u00eda un nuevo pacto entre el hombre y Dios.<\/p>\n<p>En el relato de Mateo vemos que Jes\u00fas ruega a TODOS que entren en este nuevo pacto (de gracia y perd\u00f3n mediante su muerte y resurrecci\u00f3n).<\/p>\n<p>Por tanto, Jes\u00fas anticipa lo que est\u00e1 a punto de suceder y pide a sus disc\u00edpulos que partan el pan y beban el vino para recordar el perd\u00f3n eterno que tienes aquellos que creen en \u00c9l.<\/p>\n<p>Pronto vemos ejemplos de esta pr\u00e1ctica\u2026<\/p>\n<p>Al tercer d\u00eda, despu\u00e9s de que Jes\u00fas resucitara, dos de sus seguidores, Cleof\u00e1s y su amigo, iban de camino a Ema\u00fas cuando Jes\u00fas se les uni\u00f3 y comenz\u00f3 a caminar con ellos. Dice en Lucas 24, verso 16: <em>\u201cpero no lo reconocieron, pues sus ojos estaban velados\u201d.<\/em> Hasta los versos 30 y 31, donde dice: <em>\u201cLuego, estando con ellos a la mesa, tom\u00f3 el pan, lo bendijo, lo parti\u00f3 y se lo dio. Entonces se les abrieron los ojos y lo reconocieron, pero \u00e9l desapareci\u00f3\u201d<\/em>. A continuaci\u00f3n dice que regresaron corriendo para cont\u00e1rselo a los dem\u00e1s disc\u00edpulos, y en el verso 35 dice:<em> \u00abLos dos, por su parte, contaron lo que les hab\u00eda sucedido en el camino y c\u00f3mo hab\u00edan reconocido a Jes\u00fas cuando parti\u00f3 el pan\u201d.<\/em><\/p>\n<p>En Hechos 2, versos 41-42, Lucas escribe:<\/p>\n<blockquote><p>\u201cAs\u00ed, pues, los que recibieron su mensaje fueron bautizados y aquel d\u00eda se unieron a la iglesia unas tres mil personas. Se manten\u00edan firmes en la ense\u00f1anza de los ap\u00f3stoles, en la comuni\u00f3n, en el partimiento del pan y en la oraci\u00f3n\u201d.<\/p>\n<p><cite>Hechos 2, versos 41-42<\/cite><\/p><\/blockquote>\n<p>Es evidente que el partimiento del pan, tal como Jes\u00fas les hab\u00eda ense\u00f1ado, para recordar simb\u00f3licamente su muerte y resurrecci\u00f3n, se ha convertido en parte de su estilo de vida.<\/p>\n<p>Eso tambi\u00e9n puede verse en Hechos 20, verso 7, cuando Lucas escribe:<\/p>\n<blockquote><p>\u201cEl primer d\u00eda de la semana nos reunimos para partir el pan\u2026\u201d.<\/p>\n<p><cite>Hechos 20, verso 7<\/cite><\/p><\/blockquote>\n<p>Cabe se\u00f1alar que en ninguno de estos casos se menciona que el pan fuera especial ni que se convirtiera en el cuerpo de Cristo. As\u00ed como el agua que usaban para bautizar era agua corriente de un mar o lago cercano, el pan que usaban para recordar la muerte de Cristo era pan corriente. La idea de que el pan se convierte en la carne f\u00edsica de Jes\u00fas y el vino en su sangre fue introducida por la Iglesia Cat\u00f3lica Romana en el Cuarto Concilio de Letr\u00e1n en 1215. No se encuentra en la Biblia.<\/p>\n<p>Finalmente, en 1 Corintios 11, versos 23-26, Pablo escribe:<\/p>\n<blockquote><p>\u201cYo recib\u00ed del Se\u00f1or lo mismo que les transmit\u00ed a ustedes: Que el Se\u00f1or Jes\u00fas, la noche en que fue traicionado, tom\u00f3 pan y, despu\u00e9s de dar gracias, lo parti\u00f3 y dijo: \u2018Esto es mi cuerpo, entregado por ustedes; hagan esto en memoria de m\u00ed\u2019. De la misma manera, tom\u00f3 la copa despu\u00e9s de cenar y dijo: \u2018Esta copa es el nuevo pacto en mi sangre; hagan esto cada vez que beban de ella en memoria de m\u00ed\u2019. Porque cada vez que comen este pan y beben de esta copa, proclaman la muerte del Se\u00f1or hasta que \u00e9l venga\u201d.<\/p>\n<p><cite>1 Corintios 11, versos 23-26<\/cite><\/p><\/blockquote>\n<p>Pablo no solo enfatiza que al partir el pan y beber el vino recordamos la muerte de Cristo, sino que tambi\u00e9n la proclamamos o declaramos a nosotros mismos y a los dem\u00e1s.<\/p>\n<p>En conclusi\u00f3n, la Biblia deja claro que el acto de \u201cla eucarist\u00eda\u201d, partir el pan y beber el vino, es un acto simb\u00f3lico para recordar lo que la muerte y la resurrecci\u00f3n de Jes\u00fas hicieron por nosotros. No es una forma de obtener perd\u00f3n ni de purificarnos del pecado.<\/p>\n<p>Solo Jes\u00fas puede purificar nuestro pecado, algo que su muerte hizo de una vez por todas. Jes\u00fas no nos purifica en cada eucarist\u00eda.<\/p>","protected":false},"excerpt":{"rendered":"<p>La noche antes de ser crucificado, Jes\u00fas comparti\u00f3 la cena de la Pascua jud\u00eda con sus disc\u00edpulos. Lucas 22, versos 19-22, nos dice lo que ocurri\u00f3 durante esa cena: \u201cTambi\u00e9n tom\u00f3 pan y, despu\u00e9s de dar gracias, lo parti\u00f3, se lo dio a ellos y dijo: \u2014Esto es mi cuerpo, entregado por ustedes; hagan esto&nbsp;&#8230;  <a href=\"https:\/\/esperanzarevolucion.com\/es\/roman-catholic-practices\/the-sacraments\/eucharist\/\" title=\"Read Eucarist\u00eda\">Read more&nbsp;&#8230;<\/a><\/p>\n","protected":false},"author":1,"featured_media":109,"parent":105,"menu_order":2,"comment_status":"closed","ping_status":"closed","template":"","meta":{"footnotes":""},"class_list":["post-32","page","type-page","status-publish","has-post-thumbnail","hentry"],"_links":{"self":[{"href":"https:\/\/esperanzarevolucion.com\/es\/wp-json\/wp\/v2\/pages\/32","targetHints":{"allow":["GET"]}}],"collection":[{"href":"https:\/\/esperanzarevolucion.com\/es\/wp-json\/wp\/v2\/pages"}],"about":[{"href":"https:\/\/esperanzarevolucion.com\/es\/wp-json\/wp\/v2\/types\/page"}],"author":[{"embeddable":true,"href":"https:\/\/esperanzarevolucion.com\/es\/wp-json\/wp\/v2\/users\/1"}],"replies":[{"embeddable":true,"href":"https:\/\/esperanzarevolucion.com\/es\/wp-json\/wp\/v2\/comments?post=32"}],"version-history":[{"count":12,"href":"https:\/\/esperanzarevolucion.com\/es\/wp-json\/wp\/v2\/pages\/32\/revisions"}],"predecessor-version":[{"id":221,"href":"https:\/\/esperanzarevolucion.com\/es\/wp-json\/wp\/v2\/pages\/32\/revisions\/221"}],"up":[{"embeddable":true,"href":"https:\/\/esperanzarevolucion.com\/es\/wp-json\/wp\/v2\/pages\/105"}],"wp:featuredmedia":[{"embeddable":true,"href":"https:\/\/esperanzarevolucion.com\/es\/wp-json\/wp\/v2\/media\/109"}],"wp:attachment":[{"href":"https:\/\/esperanzarevolucion.com\/es\/wp-json\/wp\/v2\/media?parent=32"}],"curies":[{"name":"wp","href":"https:\/\/api.w.org\/{rel}","templated":true}]}}