{"id":31,"date":"2025-02-05T16:15:42","date_gmt":"2025-02-05T16:15:42","guid":{"rendered":"https:\/\/esperanzarevolucion.com\/baptism\/"},"modified":"2025-06-05T18:28:14","modified_gmt":"2025-06-05T18:28:14","slug":"baptism","status":"publish","type":"page","link":"https:\/\/esperanzarevolucion.com\/es\/roman-catholic-practices\/the-sacraments\/baptism\/","title":{"rendered":"Bautismo"},"content":{"rendered":"<p>La pr\u00e1ctica del bautismo surgi\u00f3 de tradiciones jud\u00edas antiguas. Al preparar el camino para Cristo seg\u00fan Dios le hab\u00eda indicado, Juan el Bautista comenz\u00f3 a ense\u00f1ar <em>\u201cel bautismo de arrepentimiento para el perd\u00f3n de pecados\u201d<\/em> (Marcos 1, verso 4). Luego, Jes\u00fas mismo, tras su resurrecci\u00f3n, instruy\u00f3 a sus disc\u00edpulos a que bautizaran a la gente en su nombre: <em>\u201cPor tanto, vayan y hagan disc\u00edpulos de todas las naciones, bautiz\u00e1ndolos en el nombre del Padre y del Hijo y del Esp\u00edritu Santo\u201d<\/em> (Mateo 28, verso 19).<\/p>\n<p>Y Pedro lo reafirma en Hechos 2, verso 38. En esa ocasi\u00f3n, Pedro ha hablado a una multitud sobre la muerte y la resurrecci\u00f3n de Jes\u00fas y, cuando la gente le pregunta qu\u00e9 debe hacer, \u00e9l les responde: <em>\u201cArrepi\u00e9ntase y baut\u00edcese cada uno de ustedes en el nombre de Jesucristo para perd\u00f3n de sus pecados\u2026\u201d.<\/em> En el verso 41 a\u00f1ade: <em>\u201cAs\u00ed, pues, los que recibieron su mensaje fueron bautizados&#8230;\u201d.<\/em><\/p>\n<p>Aqu\u00ed aprendemos que el arrepentimiento (dar media vuelta para alejarnos de pecar conscientemente contra Dios y para vivir una vida que lo honre) es crucial para recibir el perd\u00f3n de Dios. Tambi\u00e9n aprendemos que hay algo simb\u00f3lico en ser purificado en agua o \u201cbautizado\u201d.<\/p>\n<p>Es importante resaltar que en la Biblia nadie fue bautizado por un sacerdote. Nadie fue bautizado en agua especial o \u201cbendita\u201d. Y el acto del bautismo no otorga el perd\u00f3n. Esta idea fue introducida por la Iglesia Cat\u00f3lica Romana en el Concilio de Trento de 1563.<\/p>\n<p>Analicemos estos tres puntos uno por uno\u2026<\/p>\n<p>Juan cap. 4, versos 1 y 2, dice: <em>\u201c\u2026los fariseos sab\u00edan que Jes\u00fas estaba ganando y bautizando m\u00e1s disc\u00edpulos que Juan (aunque en realidad no era Jes\u00fas quien bautizaba, sino sus disc\u00edpulos)\u201d.<\/em><\/p>\n<p>As\u00ed que, con Jes\u00fas presente, eran los disc\u00edpulos \u2014que eran personas comunes y corrientes\u2014 quienes bautizaban, no Jes\u00fas.<\/p>\n<p>Y la instrucci\u00f3n de Jes\u00fas a sus disc\u00edpulos en Mateo 28, verso 19 (<em>\u201cPor tanto, vayan y hagan disc\u00edpulos de todas las naciones, bautiz\u00e1ndolos en el nombre del Padre y del Hijo y del Esp\u00edritu Santo\u201d<\/em>) es una instrucci\u00f3n para <strong>todos<\/strong> los seguidores de Jes\u00fas, no solo para los \u201cordenados\u201d.<\/p>\n<p>Hechos cap\u00edtulo 8 recoge que Felipe bautiz\u00f3 a samaritanos (verso 12) y luego a un eunuco et\u00edope (versos 36-38): <em>\u201cMientras iban por el camino, llegaron a un lugar donde hab\u00eda agua y el eunuco dijo:<\/em><br \/>\n<em>\u2014Mire usted, aqu\u00ed hay agua. \u00bfQu\u00e9 impide que yo sea bautizado?<\/em><br \/>\n<em>Entonces mand\u00f3 parar el carro, ambos bajaron al agua y Felipe lo bautiz\u00f3\u201d.<\/em><br \/>\nInsistimos: No hab\u00eda nada especial en el agua y Felipe no era sacerdote, solo un creyente en Jesucristo.<\/p>\n<p>\u00bfY recuerdas al hombre colgado en una cruz junto a Jes\u00fas, que reconoci\u00f3 qui\u00e9n era Jes\u00fas? Lucas 23, versos 42-43 dice:<em> \u201cLuego dijo:<\/em><br \/>\n<em>\u2014Jes\u00fas, acu\u00e9rdate de m\u00ed cuando vengas en tu reino.<\/em><br \/>\n<em>\u2014Te aseguro que hoy estar\u00e1s conmigo en el para\u00edso \u2014le contest\u00f3 Jes\u00fas\u201d.<\/em> Claramente, el hombre en la cruz no fue bajado para ser bautizado, lo que demuestra que fue salvo por su fe en Jes\u00fas, no por nada que hubiera hecho.<\/p>\n<p>En resumen, el bautismo es algo bueno, pero es simb\u00f3lico. Significa arrepentimiento y que la persona reconoce qui\u00e9n es Jes\u00fas y lo que ha hecho por ella. El acto del bautismo no tiene que ser realizado por un sacerdote. En ninguna parte de la Biblia se ense\u00f1a eso. De hecho, dice lo contrario: que todos los disc\u00edpulos (seguidores de Jes\u00fas) deber\u00edan ir y bautizar.<\/p>","protected":false},"excerpt":{"rendered":"<p>La pr\u00e1ctica del bautismo surgi\u00f3 de tradiciones jud\u00edas antiguas. Al preparar el camino para Cristo seg\u00fan Dios le hab\u00eda indicado, Juan el Bautista comenz\u00f3 a ense\u00f1ar \u201cel bautismo de arrepentimiento para el perd\u00f3n de pecados\u201d (Marcos 1, verso 4). Luego, Jes\u00fas mismo, tras su resurrecci\u00f3n, instruy\u00f3 a sus disc\u00edpulos a que bautizaran a la gente&nbsp;&#8230;  <a href=\"https:\/\/esperanzarevolucion.com\/es\/roman-catholic-practices\/the-sacraments\/baptism\/\" title=\"Read Bautismo\">Read more&nbsp;&#8230;<\/a><\/p>\n","protected":false},"author":1,"featured_media":156,"parent":105,"menu_order":1,"comment_status":"closed","ping_status":"closed","template":"","meta":{"footnotes":""},"class_list":["post-31","page","type-page","status-publish","has-post-thumbnail","hentry"],"_links":{"self":[{"href":"https:\/\/esperanzarevolucion.com\/es\/wp-json\/wp\/v2\/pages\/31","targetHints":{"allow":["GET"]}}],"collection":[{"href":"https:\/\/esperanzarevolucion.com\/es\/wp-json\/wp\/v2\/pages"}],"about":[{"href":"https:\/\/esperanzarevolucion.com\/es\/wp-json\/wp\/v2\/types\/page"}],"author":[{"embeddable":true,"href":"https:\/\/esperanzarevolucion.com\/es\/wp-json\/wp\/v2\/users\/1"}],"replies":[{"embeddable":true,"href":"https:\/\/esperanzarevolucion.com\/es\/wp-json\/wp\/v2\/comments?post=31"}],"version-history":[{"count":8,"href":"https:\/\/esperanzarevolucion.com\/es\/wp-json\/wp\/v2\/pages\/31\/revisions"}],"predecessor-version":[{"id":211,"href":"https:\/\/esperanzarevolucion.com\/es\/wp-json\/wp\/v2\/pages\/31\/revisions\/211"}],"up":[{"embeddable":true,"href":"https:\/\/esperanzarevolucion.com\/es\/wp-json\/wp\/v2\/pages\/105"}],"wp:featuredmedia":[{"embeddable":true,"href":"https:\/\/esperanzarevolucion.com\/es\/wp-json\/wp\/v2\/media\/156"}],"wp:attachment":[{"href":"https:\/\/esperanzarevolucion.com\/es\/wp-json\/wp\/v2\/media?parent=31"}],"curies":[{"name":"wp","href":"https:\/\/api.w.org\/{rel}","templated":true}]}}