{"id":30,"date":"2025-02-05T16:15:42","date_gmt":"2025-02-05T16:15:42","guid":{"rendered":"https:\/\/esperanzarevolucion.com\/the-role-of-a-priest\/"},"modified":"2025-06-05T18:22:42","modified_gmt":"2025-06-05T18:22:42","slug":"the-role-of-a-priest","status":"publish","type":"page","link":"https:\/\/esperanzarevolucion.com\/es\/roman-catholic-practices\/the-role-of-a-priest\/","title":{"rendered":"El rol del sacerdote"},"content":{"rendered":"<p>La Biblia afirma que ya no necesitamos a un sacerdote humano, aparte de Jes\u00fas, para acceder a Dios. De hecho, el Nuevo Testamento deja muy claro que, dado que Jes\u00fas muri\u00f3 por los pecados del ser humano, ya no necesitamos a un sacerdote para dirigirse a Dios en nuestro nombre. Como hemos sido justificados ante Dios, podemos acceder a \u00e9l directamente.<\/p>\n<blockquote><p>\u201cEntonces Jes\u00fas, lanzando un fuerte grito, expir\u00f3. La cortina del santuario del Templo se rasg\u00f3 en dos, de arriba abajo\u201d.<\/p>\n<p><cite class=\"\">Marcos cap. 15, versos 37-38 <\/cite><\/p><\/blockquote>\n<p>En el Antiguo Testamento, el sumo sacerdote era la \u00fanica persona que pod\u00eda entrar tras el velo del templo, la zona llamada el Lugar Sant\u00edsimo. Cuando Jes\u00fas muri\u00f3, el velo del templo se rasg\u00f3 en dos de forma sobrenatural, demostrando que, gracias al sacrificio de Jes\u00fas, ahora la humanidad pod\u00eda tener relaci\u00f3n directa con Dios.<\/p>\n<blockquote><p>\u201cDe hecho, la Ley designa como sumos sacerdotes a hombres d\u00e9biles; pero el juramento posterior a la Ley designa al Hijo, quien ha sido hecho perfecto para siempre\u201d.<\/p>\n<p><cite class=\"\">Hebreos cap. 7, verso 28 <\/cite><\/p><\/blockquote>\n<p>Aqu\u00ed, el escritor de Hebreos afirma que Jes\u00fas es, en esencia, el nuevo Sumo Sacerdote. Su muerte y resurrecci\u00f3n implican que ya no necesitamos sacerdotes humanos que intercedan por nosotros.<\/p>\n<blockquote><p>\u201cTenemos como firme y segura ancla del alma una esperanza que penetra hasta detr\u00e1s de la cortina del santuario, hasta donde Jes\u00fas entr\u00f3 por nosotros para abrirnos camino, llegando a ser sumo sacerdote para siempre, seg\u00fan el orden de Melquisedec\u201d<\/p>\n<p><cite class=\"\">Hebreos cap. 6, versos 19-20<\/cite><\/p><\/blockquote>\n<p>Ya no necesitamos un sacerdote para acceder a Dios. Si Jes\u00fas, como precursor, entr\u00f3 en la presencia de Dios, \u00c9l espera que otros lo sigan. Gracias a que Jes\u00fas muri\u00f3 para pagar por nuestro pecado, ahora podemos entrar \u201cdetr\u00e1s la cortina\u201d y acceder a Dios directamente.<\/p>\n<p>Desde Ad\u00e1n y Abraham, pasando por los profetas del Antiguo Testamento y hasta los ap\u00f3stoles del Nuevo Testamento, a lo largo de la Biblia vemos que Dios desea tener una relaci\u00f3n directa con la humanidad. El papel del sacerdote no se elev\u00f3 a la categor\u00eda de mediador entre el hombre y Dios hasta la introducci\u00f3n de los sacramentos en el Concilio de Trento de 1563.<\/p>\n<p>Si la gracia es algo que se da gratuitamente, la Iglesia Cat\u00f3lica Romana la transform\u00f3 en algo que se puede ganar. De ese modo, las personas necesitan a los sacerdotes para tener una relaci\u00f3n con Dios y recibir la salvaci\u00f3n. Como vemos, esto no es b\u00edblico ni una representaci\u00f3n veraz del coraz\u00f3n de Dios.<\/p>","protected":false},"excerpt":{"rendered":"<p>La Biblia afirma que ya no necesitamos a un sacerdote humano, aparte de Jes\u00fas, para acceder a Dios. De hecho, el Nuevo Testamento deja muy claro que, dado que Jes\u00fas muri\u00f3 por los pecados del ser humano, ya no necesitamos a un sacerdote para dirigirse a Dios en nuestro nombre. Como hemos sido justificados ante&nbsp;&#8230;  <a href=\"https:\/\/esperanzarevolucion.com\/es\/roman-catholic-practices\/the-role-of-a-priest\/\" title=\"Read El rol del sacerdote\">Read more&nbsp;&#8230;<\/a><\/p>\n","protected":false},"author":1,"featured_media":165,"parent":23,"menu_order":0,"comment_status":"closed","ping_status":"closed","template":"","meta":{"footnotes":""},"class_list":["post-30","page","type-page","status-publish","has-post-thumbnail","hentry"],"_links":{"self":[{"href":"https:\/\/esperanzarevolucion.com\/es\/wp-json\/wp\/v2\/pages\/30","targetHints":{"allow":["GET"]}}],"collection":[{"href":"https:\/\/esperanzarevolucion.com\/es\/wp-json\/wp\/v2\/pages"}],"about":[{"href":"https:\/\/esperanzarevolucion.com\/es\/wp-json\/wp\/v2\/types\/page"}],"author":[{"embeddable":true,"href":"https:\/\/esperanzarevolucion.com\/es\/wp-json\/wp\/v2\/users\/1"}],"replies":[{"embeddable":true,"href":"https:\/\/esperanzarevolucion.com\/es\/wp-json\/wp\/v2\/comments?post=30"}],"version-history":[{"count":5,"href":"https:\/\/esperanzarevolucion.com\/es\/wp-json\/wp\/v2\/pages\/30\/revisions"}],"predecessor-version":[{"id":204,"href":"https:\/\/esperanzarevolucion.com\/es\/wp-json\/wp\/v2\/pages\/30\/revisions\/204"}],"up":[{"embeddable":true,"href":"https:\/\/esperanzarevolucion.com\/es\/wp-json\/wp\/v2\/pages\/23"}],"wp:featuredmedia":[{"embeddable":true,"href":"https:\/\/esperanzarevolucion.com\/es\/wp-json\/wp\/v2\/media\/165"}],"wp:attachment":[{"href":"https:\/\/esperanzarevolucion.com\/es\/wp-json\/wp\/v2\/media?parent=30"}],"curies":[{"name":"wp","href":"https:\/\/api.w.org\/{rel}","templated":true}]}}