{"id":285,"date":"2025-06-06T13:30:10","date_gmt":"2025-06-06T13:30:10","guid":{"rendered":"https:\/\/esperanzarevolucion.com\/?page_id=285"},"modified":"2025-06-06T15:41:50","modified_gmt":"2025-06-06T15:41:50","slug":"mary-mother-of-jesus","status":"publish","type":"page","link":"https:\/\/esperanzarevolucion.com\/es\/roman-catholic-practices\/mary-mother-of-jesus\/","title":{"rendered":"Mar\u00eda, madre de Jes\u00fas"},"content":{"rendered":"<p>Para llegar a la verdad sobre qui\u00e9n fue Mar\u00eda y cu\u00e1l es su papel hoy, primero debemos establecer que la fe cristiana se basa en la Palabra de Dios (la Biblia), no en las palabras de los hombres.<\/p>\n<p>En 2 Timoteo cap. 3, verso 16 se afirma que <em>\u201cToda la Escritura es inspirada por Dios\u201d<\/em>. En Proverbios cap. 30, verso 6, el autor advierte <em>\u201cNo a\u00f1adas nada a sus palabras\u201d<\/em>, muy similar a lo que Pablo dice en 1 Corintios cap. 4, verso 6: <em>\u201caprendan de nosotros aquello de \u2018no ir m\u00e1s all\u00e1 de lo que est\u00e1 escrito\u2019\u201d<\/em>.<\/p>\n<p>La Biblia es la Palabra de Dios, inspirada por \u00c9l mismo. No hay autoridad m\u00e1s alta que Dios y su Palabra, y no se le debe a\u00f1adir nada. Sin embargo, para la Iglesia Cat\u00f3lica Romana, aunque la Biblia es importante, no es la autoridad suprema. Es el punto de partida del evangelio de Jesucristo, pero la Iglesia Cat\u00f3lica Romana puede a\u00f1adir a su antojo. Lo vemos claramente en lo que ense\u00f1a sobre el regalo de la salvaci\u00f3n: mientras que la Biblia dice que se obtiene por la fe en Jes\u00fas, el catolicismo romano ha convertido la salvaci\u00f3n en un peregrinaje sacramental que solo puede ser administrado por la Iglesia. Lo explicamos con m\u00e1s detalle en <a href=\"https:\/\/esperanzarevolucion.com\/shared-history\/the-history-of-the-roman-catholic-church\/\">\u201cLa historia de la Iglesia Cat\u00f3lica Romana\u201d<\/a>.<\/p>\n<p>Esto nos lleva a Mar\u00eda, madre de Jes\u00fas, ya que la descripci\u00f3n que el Nuevo Testamento hace de ella es muy diferente a la Mar\u00eda y a la mariolog\u00eda de la Iglesia Cat\u00f3lica Romana.<\/p>\n<p>La Mar\u00eda que aparece en la Biblia es como los dem\u00e1s personajes clave del Nuevo Testamento: no son idolatrados porque ellos no son el centro de la historia. El centro es Jes\u00fas. Mar\u00eda es elegida por<\/p>\n<p>Dios para llevar a Jes\u00fas en su vientre y, cuando el \u00e1ngel Gabriel le comunica esa noticia, ella responde:<\/p>\n<blockquote><p>\u201cEntonces Mar\u00eda dijo: \u2018Aqu\u00ed tienes a la sierva del Se\u00f1or; h\u00e1gase conmigo conforme a tu palabra\u2019\u201d.<br \/>\n<cite>Lucas cap. 1, verso 38 (NBLA)<\/cite><\/p><\/blockquote>\n<p>F\u00edjate que Mar\u00eda usa la palabra \u201csierva\u201d; no \u201csocia\u201d ni \u201ccolaboradora\u201d, sino \u201csierva\u201d. Esto es contrario a la creencia de la Iglesia Cat\u00f3lica Romana de que el papel de Mar\u00eda no se limita a haber sido sierva de Dios en un momento de la historia, sino que se extiende hasta convertirla en distribuidora continua de la gracia de Dios, y en mediadora e intercesora entre Dios y los hombres.<\/p>\n<p>Mar\u00eda tambi\u00e9n dice: <em>\u201c&#8230;h\u00e1gase conmigo conforme a tu palabra\u201d<\/em>. Porque Mar\u00eda entend\u00eda que la Palabra de Dios estaba por encima de cualquier otra palabra.<\/p>\n<p>La Iglesia Cat\u00f3lica Romana tambi\u00e9n promueve la idea de que, como Jes\u00fas naci\u00f3 y vivi\u00f3 sin pecado, Mar\u00eda tambi\u00e9n naci\u00f3 y vivi\u00f3 sin pecado. Sin embargo, la misma Mar\u00eda dice:<em> \u201cY mi esp\u00edritu se regocija en Dios mi Salvador\u201d<\/em> (Lucas cap. 1, verso 47), lo que indica que ella entiende que necesita la salvaci\u00f3n de Dios, como el resto de la humanidad. La ense\u00f1anza clara de las Escrituras es que <em>\u201ctodos han pecado y est\u00e1n privados de la gloria de Dios\u201d<\/em> (Romanos cap. 3, verso 23). No hay ninguna referencia a una impartici\u00f3n especial, ni siquiera para la humilde sierva que llev\u00f3 al Hijo de Dios en su vientre.<\/p>\n<p>En resumen, la Mar\u00eda de la Iglesia Cat\u00f3lica Romana se ha convertido en una figura muy distinta a la Mar\u00eda b\u00edblica, madre de Jes\u00fas. La idea de que el rol de Mar\u00eda es, en cierto modo, equiparable a la obra de Jes\u00fas no proviene de la Biblia, sino de la Iglesia Cat\u00f3lica Romana.<\/p>\n<p>En muchos sentidos esto describe bien el catolicismo romano, ya que la Iglesia Cat\u00f3lica Romana ha ido a\u00f1adiendo elementos a la verdad del evangelio y de la Biblia, alej\u00e1ndose cada vez m\u00e1s de ella.<\/p>\n<a class=\"button deeper\">Deeper Dive<\/a><div class=\"deeper-content\" style=\"display:none\"><svg class=\"squigline\" xmlns=\"http:\/\/www.w3.org\/2000\/svg\" viewBox=\"0 0 1000 100\" preserveAspectRatio=\"none\">\n<path style=\"fill:none;stroke:#000000;stroke-miterlimit:10;\" d=\"M0,18.235\n\tc10.729,11.859,26.823,40.941,51.106,40.941\n\tc19.2,0,50.821-36.706,65.223-36.706\n\tc24.565,0,53.929,51.106,79.059,51.106\n\tc23.435,0,47.946-42.353,72.793-42.353\n\tc18.362,0,66.03,42.363,83.065,42.363\n\tc19.482,0,18.541-42.081,33.318-42.081\n\tc20.047,0,51.294,40.941,75.106,40.941\n\tc25.694,0,28.894-40.941,47.718-40.941\n\tc25.056,0,45.929,42.081,69.459,42.081\n\tc23.718,0,38.588-29.093,49.694-29.093\n\tc16,0,8.471,33.035,27.106,33.035\n\tc25.788,0,52.141-50.259,81.882-50.259\n\tc31.247,0,38.588,54.494,63.812,54.494\n\tc24.847,0,24.847-41.223,55.623-41.223\n\tc48.659,0,86.965,29.082,98.259,29.082\"\/>\n<\/svg>\n\n\n<h2>Profundiza<\/h2>\n<p>Ha habido numerosas apariciones de Mar\u00eda a lo largo de la historia, lo que ha contribuido al desarrollo de la doctrina mariana, siendo las m\u00e1s conocidas las de Guadalupe (M\u00e9xico), Lourdes (Francia) y F\u00e1tima (Portugal).<\/p>\n<p>En Guadalupe, en 1531, Mar\u00eda se proclam\u00f3 madre espiritual de toda la humanidad. En Lourdes, en 1858, Mar\u00eda pidi\u00f3 penitencia y oraci\u00f3n por la conversi\u00f3n de los pecadores y se describi\u00f3 como \u201cla Inmaculada Concepci\u00f3n\u201d. En F\u00e1tima, en 1917, se present\u00f3 como \u201cNuestra Se\u00f1ora del Rosario\u201d, instando a los creyentes a rezar el rosario y a hacer penitencia por la conversi\u00f3n de los pecadores.<\/p>\n<p>El problema con todas estas apariciones es que ninguna de ellas apunta a una fe centrada en Cristo y basada en la Biblia. Por el contrario, contradicen lo que la Biblia ense\u00f1a, reforzando pr\u00e1cticas marianas antib\u00edblicas que fomentan la dependencia de la doctrina cat\u00f3lica romana.<\/p>\n<p><\/div><\/p>","protected":false},"excerpt":{"rendered":"<p>Para llegar a la verdad sobre qui\u00e9n fue Mar\u00eda y cu\u00e1l es su papel hoy, primero debemos establecer que la fe cristiana se basa en la Palabra de Dios (la Biblia), no en las palabras de los hombres. En 2 Timoteo cap. 3, verso 16 se afirma que \u201cToda la Escritura es inspirada por Dios\u201d.&nbsp;&#8230;  <a href=\"https:\/\/esperanzarevolucion.com\/es\/roman-catholic-practices\/mary-mother-of-jesus\/\" title=\"Read Mar\u00eda, madre de Jes\u00fas\">Read more&nbsp;&#8230;<\/a><\/p>\n","protected":false},"author":1,"featured_media":290,"parent":23,"menu_order":12,"comment_status":"closed","ping_status":"closed","template":"","meta":{"footnotes":""},"class_list":["post-285","page","type-page","status-publish","has-post-thumbnail","hentry"],"_links":{"self":[{"href":"https:\/\/esperanzarevolucion.com\/es\/wp-json\/wp\/v2\/pages\/285","targetHints":{"allow":["GET"]}}],"collection":[{"href":"https:\/\/esperanzarevolucion.com\/es\/wp-json\/wp\/v2\/pages"}],"about":[{"href":"https:\/\/esperanzarevolucion.com\/es\/wp-json\/wp\/v2\/types\/page"}],"author":[{"embeddable":true,"href":"https:\/\/esperanzarevolucion.com\/es\/wp-json\/wp\/v2\/users\/1"}],"replies":[{"embeddable":true,"href":"https:\/\/esperanzarevolucion.com\/es\/wp-json\/wp\/v2\/comments?post=285"}],"version-history":[{"count":9,"href":"https:\/\/esperanzarevolucion.com\/es\/wp-json\/wp\/v2\/pages\/285\/revisions"}],"predecessor-version":[{"id":295,"href":"https:\/\/esperanzarevolucion.com\/es\/wp-json\/wp\/v2\/pages\/285\/revisions\/295"}],"up":[{"embeddable":true,"href":"https:\/\/esperanzarevolucion.com\/es\/wp-json\/wp\/v2\/pages\/23"}],"wp:featuredmedia":[{"embeddable":true,"href":"https:\/\/esperanzarevolucion.com\/es\/wp-json\/wp\/v2\/media\/290"}],"wp:attachment":[{"href":"https:\/\/esperanzarevolucion.com\/es\/wp-json\/wp\/v2\/media?parent=285"}],"curies":[{"name":"wp","href":"https:\/\/api.w.org\/{rel}","templated":true}]}}