{"id":21,"date":"2025-01-29T16:02:07","date_gmt":"2025-01-29T16:02:07","guid":{"rendered":"https:\/\/esperanzarevolucion.com\/?page_id=21"},"modified":"2025-06-06T15:46:51","modified_gmt":"2025-06-06T15:46:51","slug":"a-mediator-between-god-and-man","status":"publish","type":"page","link":"https:\/\/esperanzarevolucion.com\/es\/shared-history\/a-mediator-between-god-and-man\/","title":{"rendered":"Un mediador entre el hombre y Dios"},"content":{"rendered":"<p>Con el tiempo, la Iglesia Cat\u00f3lica Romana se ha alejado de la verdad b\u00edblica de que somos salvos por la gracia de Dios, que recibimos por la fe en Jes\u00fas. En cambio, ha creado un sistema en el que la salvaci\u00f3n se alcanza por una combinaci\u00f3n de la gracia de Dios y nuestras propias acciones, mediante la recepci\u00f3n de los sacramentos de la Iglesia Cat\u00f3lica Romana.<\/p>\n<p>Lo que la Iglesia Cat\u00f3lica Romana ha hecho es colocarse entre Dios y el hombre, cuando lo \u00fanico que Dios desea es que recibamos su regalo gratuito de perd\u00f3n para que podamos tener una relaci\u00f3n con \u00c9l.<\/p>\n<blockquote><p>\u201cque si confiesas con tu boca que Jes\u00fas es el Se\u00f1or y crees en tu coraz\u00f3n que Dios lo levant\u00f3 de entre los muertos, ser\u00e1s salvo\u201d.<\/p>\n<p><cite>Romanos cap. 10, verso 9<\/cite><\/p><\/blockquote>\n<p>La Biblia es clara: Si confesamos a Jes\u00fas y creemos en Jes\u00fas, somos salvos. Dios no pone como requisito nuestra contribuci\u00f3n permanente.<\/p>\n<blockquote><p>\u201cSolo quiero que me respondan a esto: \u00bfRecibieron el Esp\u00edritu por las obras que demanda la Ley o por la fe con que aceptaron el mensaje? \u00bfTan torpes son? Despu\u00e9s de haber comenzado con el Esp\u00edritu, \u00bfpretenden ahora perfeccionarse con esfuerzos humanos?\u201d.<br \/>\n<cite>G\u00e1latas cap. 3, versos 2-3 <\/cite><\/p><\/blockquote>\n<p>Pablo est\u00e1 hablando al pueblo jud\u00edo de aquel entonces, pero tambi\u00e9n se aplica a la Iglesia Cat\u00f3lica Romana de hoy. Conf\u00eda en lo que Jes\u00fas hizo, no en tus propias acciones.<\/p>\n<p>En la secci\u00f3n sobre <a href=\"https:\/\/esperanzarevolucion.com\/shared-history\/the-history-of-the-roman-catholic-church\/\">la historia de la Iglesia Cat\u00f3lica Romana<\/a>\u00a0puedes ver c\u00f3mo se ha colocado como mediadora entre el hombre y Dios, concretamente con lo que introdujo en el Concilio de Trento de 1563. Sin embargo, en las Escrituras podemos ver que esa no es la forma en que Dios estableci\u00f3 que la humanidad se relacionara con \u00c9l, ni la forma en que Jes\u00fas y los primeros creyentes definieron la iglesia.<\/p>","protected":false},"excerpt":{"rendered":"<p>Con el tiempo, la Iglesia Cat\u00f3lica Romana se ha alejado de la verdad b\u00edblica de que somos salvos por la gracia de Dios, que recibimos por la fe en Jes\u00fas. En cambio, ha creado un sistema en el que la salvaci\u00f3n se alcanza por una combinaci\u00f3n de la gracia de Dios y nuestras propias acciones,&nbsp;&#8230;  <a href=\"https:\/\/esperanzarevolucion.com\/es\/shared-history\/a-mediator-between-god-and-man\/\" title=\"Read Un mediador entre el hombre y Dios\">Read more&nbsp;&#8230;<\/a><\/p>\n","protected":false},"author":1,"featured_media":97,"parent":13,"menu_order":3,"comment_status":"closed","ping_status":"closed","template":"","meta":{"footnotes":""},"class_list":["post-21","page","type-page","status-publish","has-post-thumbnail","hentry"],"_links":{"self":[{"href":"https:\/\/esperanzarevolucion.com\/es\/wp-json\/wp\/v2\/pages\/21","targetHints":{"allow":["GET"]}}],"collection":[{"href":"https:\/\/esperanzarevolucion.com\/es\/wp-json\/wp\/v2\/pages"}],"about":[{"href":"https:\/\/esperanzarevolucion.com\/es\/wp-json\/wp\/v2\/types\/page"}],"author":[{"embeddable":true,"href":"https:\/\/esperanzarevolucion.com\/es\/wp-json\/wp\/v2\/users\/1"}],"replies":[{"embeddable":true,"href":"https:\/\/esperanzarevolucion.com\/es\/wp-json\/wp\/v2\/comments?post=21"}],"version-history":[{"count":7,"href":"https:\/\/esperanzarevolucion.com\/es\/wp-json\/wp\/v2\/pages\/21\/revisions"}],"predecessor-version":[{"id":297,"href":"https:\/\/esperanzarevolucion.com\/es\/wp-json\/wp\/v2\/pages\/21\/revisions\/297"}],"up":[{"embeddable":true,"href":"https:\/\/esperanzarevolucion.com\/es\/wp-json\/wp\/v2\/pages\/13"}],"wp:featuredmedia":[{"embeddable":true,"href":"https:\/\/esperanzarevolucion.com\/es\/wp-json\/wp\/v2\/media\/97"}],"wp:attachment":[{"href":"https:\/\/esperanzarevolucion.com\/es\/wp-json\/wp\/v2\/media?parent=21"}],"curies":[{"name":"wp","href":"https:\/\/api.w.org\/{rel}","templated":true}]}}