{"id":15,"date":"2025-01-29T15:37:06","date_gmt":"2025-01-29T15:37:06","guid":{"rendered":"https:\/\/esperanzarevolucion.com\/?page_id=15"},"modified":"2025-06-05T18:16:12","modified_gmt":"2025-06-05T18:16:12","slug":"the-foundations-of-the-church","status":"publish","type":"page","link":"https:\/\/esperanzarevolucion.com\/es\/shared-history\/the-foundations-of-the-church\/","title":{"rendered":"Los fundamentos de la iglesia cristiana"},"content":{"rendered":"<p><\/p>\n<blockquote><p>\u201cCuando lleg\u00f3 a la regi\u00f3n de Cesarea de Filipo, Jes\u00fas pregunt\u00f3 a sus disc\u00edpulos:<br \/>\n\u2014\u00bfQui\u00e9n dice la gente que es el Hijo del hombre?<br \/>\nLe respondieron:<br \/>\n\u2014Unos dicen que Juan el Bautista, otros que El\u00edas, y otros que Jerem\u00edas o uno de los profetas.<br \/>\n\u2014Y ustedes, \u00bfqui\u00e9n dicen que soy yo? \u2014pregunt\u00f3 Jes\u00fas.<br \/>\n\u2014T\u00fa eres el Cristo, el Hijo del Dios viviente \u2014afirm\u00f3 Sim\u00f3n Pedro.<br \/>\n\u2014Dichoso t\u00fa, Sim\u00f3n, hijo de Jon\u00e1s \u2014dijo Jes\u00fas\u2014, porque eso no te lo revel\u00f3 ning\u00fan mortal, sino mi Padre que est\u00e1 en el cielo. Yo te digo que t\u00fa eres Pedro. Sobre esta piedra edificar\u00e9 mi iglesia y las puertas de los dominios de la muerte no prevalecer\u00e1n contra ella. Te dar\u00e9 las llaves del reino de los cielos; todo lo que ates en la tierra quedar\u00e1 atado en el cielo y todo lo que desates en la tierra quedar\u00e1 desatado en el cielo\u201d.<\/p>\n<p><cite>Mateo cap. 16, versos 13-19 <\/cite><\/p><\/blockquote>\n<p>la Iglesia Cat\u00f3lica Romana ha usado estos versos para justificar la posici\u00f3n y autoridad de la Iglesia Cat\u00f3lica Romana y del Papa. Pero veamos qu\u00e9 dicen estos versos realmente.<\/p>\n<ul>\n<li>Pedro es el primero en darse cuenta y en decirle a Jes\u00fas que \u00c9l es el Cristo. El Hijo de Dios. Es entonces cuando Jes\u00fas dice: \u201cTu eres Pedro, y sobre esta roca edificar\u00e9 mi iglesia&#8230;\u201d.<\/li>\n<li>El nombre romano \u201cPedro\u201d significa roca. Entonces, Jes\u00fas le est\u00e1 diciendo a Pedro: \u201cT\u00fa eres roca, y sobre esta roca edificar\u00e9 mi iglesia\u201d. <span style=\"font-size: 1em;\">Es razonable entender aqu\u00ed que Jes\u00fas se refiri\u00f3 a la declaraci\u00f3n que Pedro acababa de hacer, no al propio Pedro. \u00bfY qu\u00e9 acababa de proclamar Pedro? Que Jes\u00fas era el Cristo. El Hijo de Dios. Y esa confesi\u00f3n es la base sobre la cual Jes\u00fas dice que edificar\u00e1 su iglesia, es decir, su pueblo.<\/span><\/li>\n<li>Esta es la primera vez que la Biblia utiliza la palabra \u201ciglesia\u201d y lo hace usando la palabra griega ekklesia. Esta palabra no era una palabra religiosa. Significaba \u201cgrupo\u201d o \u201cgrupo convocado\u201d.<\/li>\n<li>En ning\u00fan lugar de estos versos (o en ning\u00fan otro verso) Jes\u00fas dice que ser\u00e1 la iglesia de Pedro o que traspasar\u00e1 la autoridad de la iglesia a trav\u00e9s de Pedro. Jes\u00fas dice \u201cYo edificar\u00e9 mi iglesia\u201d. Por lo tanto, es la iglesia de Jes\u00fas, no de Pedro o del hombre.<\/li>\n<li>Pedro compartir\u00eda qui\u00e9n era Jes\u00fas con el pueblo jud\u00edo en Hechos 2, versos 38-39, que se convertir\u00eda en la iglesia primitiva (como vemos en los versos 42-47). Y tambi\u00e9n con los gentiles (personas no jud\u00edas) en Hechos 10, versos 34-44. Por lo tanto, est\u00e1 claro que Pedro fue un instrumento clave en la construcci\u00f3n de la iglesia primitiva. Sin embargo, es err\u00f3neo sugerir que Pedro fue la roca sobre la que se construy\u00f3. \u00c9l era simplemente el mensajero, no la esencia del mensaje.<\/li>\n<li>Finalmente, Pedro no se ve\u00eda a s\u00ed mismo como la roca sobre la que se fund\u00f3 la iglesia. En sus propias palabras en 1 Pedro cap. 2, versos 4-10, se describe a s\u00ed mismo y a los creyentes en Cristo como \u201cpiedras vivas\u201d, mientras que a Jes\u00fas lo describe como la \u201cpiedra angular\u201d<\/li>\n<\/ul>\n<p>Para concluir, la intenci\u00f3n de Jes\u00fas era que los cimientos de la iglesia \u2014es decir, el grupo mundial de creyentes en Cristo\u2014 se construyeran sobre la creencia compartida de que Jesucristo es el Hijo de Dios.<\/p>\n<p>Es esa creencia compartida de qui\u00e9n es Jes\u00fas y de qu\u00e9 hizo Jes\u00fas lo que une a los creyentes cristianos hoy. No Pedro, ni otra persona o estructura religiosa creada despu\u00e9s de que Jes\u00fas ascendiera al cielo, que es donde la Iglesia Cat\u00f3lica Romana se apart\u00f3 por primera vez de lo que las ense\u00f1anzas de Jes\u00fas y la Biblia dicen.<\/p>","protected":false},"excerpt":{"rendered":"<p>\u201cCuando lleg\u00f3 a la regi\u00f3n de Cesarea de Filipo, Jes\u00fas pregunt\u00f3 a sus disc\u00edpulos: \u2014\u00bfQui\u00e9n dice la gente que es el Hijo del hombre? Le respondieron: \u2014Unos dicen que Juan el Bautista, otros que El\u00edas, y otros que Jerem\u00edas o uno de los profetas. \u2014Y ustedes, \u00bfqui\u00e9n dicen que soy yo? \u2014pregunt\u00f3 Jes\u00fas. \u2014T\u00fa eres&nbsp;&#8230;  <a href=\"https:\/\/esperanzarevolucion.com\/es\/shared-history\/the-foundations-of-the-church\/\" title=\"Read Los fundamentos de la iglesia cristiana\">Read more&nbsp;&#8230;<\/a><\/p>\n","protected":false},"author":1,"featured_media":82,"parent":13,"menu_order":0,"comment_status":"closed","ping_status":"closed","template":"","meta":{"footnotes":""},"class_list":["post-15","page","type-page","status-publish","has-post-thumbnail","hentry"],"_links":{"self":[{"href":"https:\/\/esperanzarevolucion.com\/es\/wp-json\/wp\/v2\/pages\/15","targetHints":{"allow":["GET"]}}],"collection":[{"href":"https:\/\/esperanzarevolucion.com\/es\/wp-json\/wp\/v2\/pages"}],"about":[{"href":"https:\/\/esperanzarevolucion.com\/es\/wp-json\/wp\/v2\/types\/page"}],"author":[{"embeddable":true,"href":"https:\/\/esperanzarevolucion.com\/es\/wp-json\/wp\/v2\/users\/1"}],"replies":[{"embeddable":true,"href":"https:\/\/esperanzarevolucion.com\/es\/wp-json\/wp\/v2\/comments?post=15"}],"version-history":[{"count":9,"href":"https:\/\/esperanzarevolucion.com\/es\/wp-json\/wp\/v2\/pages\/15\/revisions"}],"predecessor-version":[{"id":196,"href":"https:\/\/esperanzarevolucion.com\/es\/wp-json\/wp\/v2\/pages\/15\/revisions\/196"}],"up":[{"embeddable":true,"href":"https:\/\/esperanzarevolucion.com\/es\/wp-json\/wp\/v2\/pages\/13"}],"wp:featuredmedia":[{"embeddable":true,"href":"https:\/\/esperanzarevolucion.com\/es\/wp-json\/wp\/v2\/media\/82"}],"wp:attachment":[{"href":"https:\/\/esperanzarevolucion.com\/es\/wp-json\/wp\/v2\/media?parent=15"}],"curies":[{"name":"wp","href":"https:\/\/api.w.org\/{rel}","templated":true}]}}