{"id":11,"date":"2025-01-29T15:34:12","date_gmt":"2025-01-29T15:34:12","guid":{"rendered":"https:\/\/esperanzarevolucion.com\/?page_id=11"},"modified":"2025-06-05T17:43:39","modified_gmt":"2025-06-05T17:43:39","slug":"the-gospel","status":"publish","type":"page","link":"https:\/\/esperanzarevolucion.com\/es\/about\/the-gospel\/","title":{"rendered":"El evangelio de Jes\u00fas"},"content":{"rendered":"<p>El Dios que cre\u00f3 el mundo te conoce y te ama. Desde el principio de los tiempos, Dios cre\u00f3 a la humanidad para que pudi\u00e9ramos tener una relaci\u00f3n con \u00c9l. Y t\u00fa no eres una excepci\u00f3n. Dios quiere tener una relaci\u00f3n contigo.<\/p>\n<p>\u00bfPor qu\u00e9? Porque te ama con un amor inagotable. \u00c9l te conoci\u00f3 antes de que te conocieras a ti mismo. \u00c9l es un padre amoroso que ve m\u00e1s all\u00e1 de nuestras miserias y nuestros errores porque nos ha dado una gracia inmerecida, la cual recibimos al poner nuestra fe en Jes\u00fas. Gracias a que Jes\u00fas muri\u00f3, a pesar de nuestra condici\u00f3n podemos vivir ahora y por la eternidad una vida en relaci\u00f3n con Dios nuestro Padre y Creador, que depende de lo que Jes\u00fas ha hecho, no de lo que nosotros hagamos.<\/p>\n<p>Poner tu fe en Jes\u00fas es la decisi\u00f3n m\u00e1s importante que puedes tomar. Para el no creyente, la verdad de que Jes\u00fas, quien nunca pec\u00f3, muri\u00f3 en una cruz por nuestros pecados, no significa nada. Para el creyente lo es todo.<\/p>\n<blockquote><p>\u201cEl mensaje de la cruz es una locura para los que se pierden; en cambio, para los que se salvan, es decir, para nosotros, este mensaje es el poder de Dios\u201d.<br \/>\n<cite>1\u00aa Corintios cap. 1, verso 18 <\/cite><\/p><\/blockquote>\n<p>As\u00ed que, considera a Dios. Considera a Jes\u00fas, su vida, muerte y resurrecci\u00f3n. Y elige para ti una vida de relaci\u00f3n con Dios, no basada en lo que hagas o hayas hecho, sino en lo que Jes\u00fas hizo por ti. S\u00e9 aquello para lo que fuiste creado. Un hijo de Dios.<\/p>\n<blockquote><p>\u201cMas a cuantos lo recibieron, a los que creen en su nombre, les dio el derecho de ser hechos hijos de Dios\u201d.<br \/>\n<cite>Juan cap. 1, verso 12 <\/cite><\/p><\/blockquote>\n<a class=\"button deeper\">Deeper Dive<\/a><div class=\"deeper-content\" style=\"display:none\"><svg class=\"squigline\" xmlns=\"http:\/\/www.w3.org\/2000\/svg\" viewBox=\"0 0 1000 100\" preserveAspectRatio=\"none\">\n<path style=\"fill:none;stroke:#000000;stroke-miterlimit:10;\" d=\"M0,18.235\n\tc10.729,11.859,26.823,40.941,51.106,40.941\n\tc19.2,0,50.821-36.706,65.223-36.706\n\tc24.565,0,53.929,51.106,79.059,51.106\n\tc23.435,0,47.946-42.353,72.793-42.353\n\tc18.362,0,66.03,42.363,83.065,42.363\n\tc19.482,0,18.541-42.081,33.318-42.081\n\tc20.047,0,51.294,40.941,75.106,40.941\n\tc25.694,0,28.894-40.941,47.718-40.941\n\tc25.056,0,45.929,42.081,69.459,42.081\n\tc23.718,0,38.588-29.093,49.694-29.093\n\tc16,0,8.471,33.035,27.106,33.035\n\tc25.788,0,52.141-50.259,81.882-50.259\n\tc31.247,0,38.588,54.494,63.812,54.494\n\tc24.847,0,24.847-41.223,55.623-41.223\n\tc48.659,0,86.965,29.082,98.259,29.082\"\/>\n<\/svg>\n\n\n<h2>Profundiza&#8230;<\/h2>\n<blockquote><p>\u201cEn el principio Dios cre\u00f3 los cielos y la tierra\u201d.<br \/>\n<cite>G\u00e9nesis cap. 1, verso 1 <\/cite><\/p><\/blockquote>\n<p>Desde el comienzo mismo de la Biblia, se espera que el lector tenga fe. Desde las primeras cuatro palabras, \u201cEn el principio Dios\u2026\u201d, se espera que el lector acepte la idea de un Dios que existe fuera del tiempo (ya exist\u00eda antes de la creaci\u00f3n del mundo) y fuera del espacio (si no est\u00e1 en el cielo ni en la tierra, \u00bfd\u00f3nde est\u00e1?).<\/p>\n<p>No se nos da una respuesta sobre el origen de Dios ni por qu\u00e9 decidi\u00f3 que ese era el momento de crear el universo, por lo que el lector debe ejercer fe y creer en la existencia de Dios antes del tiempo y fuera del espacio.<\/p>\n<p>Cuando Dios crea la Tierra y la llena de animales y personas, vemos que el plan amoroso de Dios es dar a la humanidad libre albedr\u00edo (o libertad de elegir), con el resultado de que Ad\u00e1n y Eva desobedecieron a Dios y tomaron del fruto prohibido del \u201c\u00e1rbol del conocimiento\u201d.<\/p>\n<p>Para dar a la humanidad la libertad de elegir, Dios permite que Satan\u00e1s aleje a la gente de la relaci\u00f3n con Dios. Dios lo permite para que los que creen en \u00c9l puedan elegir amarle, en lugar de verse obligados a hacerlo porque no tienen m\u00e1s opci\u00f3n. Amar por elecci\u00f3n es amor de verdad. El amor forzado no es amor.<\/p>\n<p>Al permitir que Satan\u00e1s aleje a la gente de \u00c9l, Dios tambi\u00e9n permite el sufrimiento, el dolor y el mal. Esto puede sonar poco amoroso, pero forma parte de la libre elecci\u00f3n que Dios, el Padre amoroso, ha dado a sus criaturas.<\/p>\n<p>A continuaci\u00f3n, vemos que los primeros personajes de la Biblia se relacionan con Dios con mayor o menor \u00e9xito, antes de que Dios<br \/>\ndiera a Mois\u00e9s un conjunto de 10 instrucciones para ayudar al pueblo de Dios a vivir en comuni\u00f3n con \u00c9l.<\/p>\n<p>Poco a poco, seguir estas reglas se convierte en algo m\u00e1s importante que la propia relaci\u00f3n con Dios. Y cuando el pueblo de Dios se cansa de tener un Dios que no tiene forma humana, decide que quiere un rey terrenal que lo gobierne, as\u00ed que Dios primero les da a Sa\u00fal y luego a David. Lo que sigue a continuaci\u00f3n es una serie de reyes, algunos de ellos buenos, pero la mayor\u00eda no.<\/p>\n<p>Para entonces, las 10 reglas que Dios hab\u00eda dado a la humanidad como gu\u00eda para amarle y amarse unos a otros se hab\u00edan tergiversado. El pueblo de Dios hab\u00eda creado tantas reglas y leyes que la relaci\u00f3n con Dios se hab\u00eda convertido en una religi\u00f3n de pr\u00e1cticas y rituales. (Es decir, el pueblo abandon\u00f3 la Palabra que Dios le hab\u00eda dado y en su lugar estableci\u00f3 sus propias leyes y costumbres y ahora estas eran m\u00e1s valiosas que Dios mismo.) Por esa raz\u00f3n, Dios env\u00eda a Jes\u00fas \u2014\u00c9l mismo en forma humana\u2014 a vivir una vida sin pecado y as\u00ed poder morir para pagar el precio por el pecado de la humanidad, cometido entonces como en el futuro.<\/p>\n<p>Con su vida, muerte y resurrecci\u00f3n, Jes\u00fas mostr\u00f3 a los seres humanos c\u00f3mo vivir y amar. Sus ense\u00f1anzas y su resurrecci\u00f3n fueron recogidas por sus disc\u00edpulos y por el ap\u00f3stol Pablo en el Nuevo Testamento y constituyeron el fundamento de los primeros creyentes, que se conocer\u00edan como cristianos.<\/p>\n<p>Cuando Jes\u00fas regres\u00f3 al cielo para estar con Dios, su regalo de despedida para quienes cre\u00edan en \u00c9l fue el Esp\u00edritu Santo, el Esp\u00edritu de Dios mismo, que estar\u00eda con todos los creyentes para ayudar y guiar al pueblo de Dios.<\/p>\n<svg class=\"squigline\" xmlns=\"http:\/\/www.w3.org\/2000\/svg\" viewBox=\"0 0 1000 100\" preserveAspectRatio=\"none\">\n<path style=\"fill:none;stroke:#000000;stroke-miterlimit:10;\" d=\"M0,18.235\n\tc10.729,11.859,26.823,40.941,51.106,40.941\n\tc19.2,0,50.821-36.706,65.223-36.706\n\tc24.565,0,53.929,51.106,79.059,51.106\n\tc23.435,0,47.946-42.353,72.793-42.353\n\tc18.362,0,66.03,42.363,83.065,42.363\n\tc19.482,0,18.541-42.081,33.318-42.081\n\tc20.047,0,51.294,40.941,75.106,40.941\n\tc25.694,0,28.894-40.941,47.718-40.941\n\tc25.056,0,45.929,42.081,69.459,42.081\n\tc23.718,0,38.588-29.093,49.694-29.093\n\tc16,0,8.471,33.035,27.106,33.035\n\tc25.788,0,52.141-50.259,81.882-50.259\n\tc31.247,0,38.588,54.494,63.812,54.494\n\tc24.847,0,24.847-41.223,55.623-41.223\n\tc48.659,0,86.965,29.082,98.259,29.082\"\/>\n<\/svg>\n\n<p>La iglesia primitiva creci\u00f3 cuando el Imperio romano estaba en declive, y viendo el poder y el entusiasmo que aquellos creyentes en Cristo ten\u00edan, las autoridades romanas fueron permitiendo las pr\u00e1cticas de la iglesia en la sociedad e influenciando en la doctrina y las ense\u00f1anzas de la iglesia para que esta pudiera mantener el control sobre la gente. De ah\u00ed surgi\u00f3 lo que ahora conocemos como la Iglesia Cat\u00f3lica Romana.<\/p>\n<p>Con el tiempo, la Iglesia Cat\u00f3lica Romana a\u00f1adi\u00f3 m\u00e1s y m\u00e1s reglas y pr\u00e1cticas religiosas de modo que, al igual que en el Antiguo Testamento, el prop\u00f3sito de la iglesia \u2014amar a Dios y estar en relaci\u00f3n con Dios\u2014 se convirti\u00f3 en la realizaci\u00f3n de pr\u00e1cticas y rituales religiosas, que separaban al ser humano de Dios.<\/p>\n<p>En 1517, un monje cat\u00f3lico romano llamado Mart\u00edn Lutero lider\u00f3 lo que ahora se conoce como la Reforma Protestante, en la que, reconociendo hasta qu\u00e9 punto la Iglesia Cat\u00f3lica Romana se hab\u00eda alejado de las ense\u00f1anzas de la Biblia, puso de relieve las hipocres\u00edas y los errores de la Iglesia Cat\u00f3lica Romana con el fin de que volviera a las ense\u00f1anzas de Jes\u00fas y de la Biblia.<\/p>\n<p>La Iglesia Cat\u00f3lica Romana rechaz\u00f3 categ\u00f3ricamente a Mart\u00edn Lutero y las verdades b\u00edblicas a las que apel\u00f3, y fue a\u00fan m\u00e1s lejos al posicionarse entre el hombre y Dios, creando los sacramentos como una forma en que las personas pod\u00edan ganarse la gracia de Dios en lugar de recibir el perd\u00f3n como un don gratuito, asegurando a\u00fan m\u00e1s su poder y control.<\/p>\n<p>Mart\u00edn Lutero dej\u00f3 la Iglesia Cat\u00f3lica Romana y form\u00f3 lo que ahora se conoce como la iglesia protestante, donde los creyentes siguen las ense\u00f1anzas de la biblia y entienden que la gracia y la salvaci\u00f3n son dadas por Dios a trav\u00e9s de la fe en Jes\u00fas y lo que \u00c9l hizo en la cruz.<\/p>\n<p>Por el contrario, la Iglesia Cat\u00f3lica Romana continu\u00f3 agregando m\u00e1s pr\u00e1cticas y rituales que la gente deb\u00eda hacer para merecer la gracia de Dios y la salvaci\u00f3n. En 1965, la Iglesia Cat\u00f3lica Romana decret\u00f3 que en ella no hab\u00eda error, que ten\u00eda m\u00e1s autoridad que la Palabra de Dios y que pod\u00eda agregar reglas y pr\u00e1cticas seg\u00fan le pareciera.<\/p>\n<p>Lo que nos lleva al d\u00eda de hoy, donde la Iglesia Cat\u00f3lica Romana todav\u00eda practica y ense\u00f1a una versi\u00f3n falsa del evangelio. Una versi\u00f3n en la que la persona tiene que ganarse la salvaci\u00f3n y depende de la Iglesia Cat\u00f3lica Romana para tener comuni\u00f3n y relaci\u00f3n con Dios. Eso no es lo que Dios quiere para su pueblo. Va en contra de las ense\u00f1anzas de la Biblia y desautoriza lo que Jes\u00fas hizo en la cruz para salvar a la humanidad.<\/p>\n<svg class=\"squigline\" xmlns=\"http:\/\/www.w3.org\/2000\/svg\" viewBox=\"0 0 1000 100\" preserveAspectRatio=\"none\">\n<path style=\"fill:none;stroke:#000000;stroke-miterlimit:10;\" d=\"M0,18.235\n\tc10.729,11.859,26.823,40.941,51.106,40.941\n\tc19.2,0,50.821-36.706,65.223-36.706\n\tc24.565,0,53.929,51.106,79.059,51.106\n\tc23.435,0,47.946-42.353,72.793-42.353\n\tc18.362,0,66.03,42.363,83.065,42.363\n\tc19.482,0,18.541-42.081,33.318-42.081\n\tc20.047,0,51.294,40.941,75.106,40.941\n\tc25.694,0,28.894-40.941,47.718-40.941\n\tc25.056,0,45.929,42.081,69.459,42.081\n\tc23.718,0,38.588-29.093,49.694-29.093\n\tc16,0,8.471,33.035,27.106,33.035\n\tc25.788,0,52.141-50.259,81.882-50.259\n\tc31.247,0,38.588,54.494,63.812,54.494\n\tc24.847,0,24.847-41.223,55.623-41.223\n\tc48.659,0,86.965,29.082,98.259,29.082\"\/>\n<\/svg>\n\n<p>Para recibir el regalo gratuito de la salvaci\u00f3n y tener relaci\u00f3n con Dios, el \u00fanico requisito es creer en Jes\u00fas y recibir la gracia que su muerte y resurrecci\u00f3n nos ha dado.<\/p>\n<blockquote><p>\u201c&#8230;que todo el que cree en \u00e9l recibe, por medio de su nombre, el perd\u00f3n de los pecados\u201d.<br \/>\n<cite>Hechos cap. 10, verso 43 <\/cite><\/p><\/blockquote>\n<blockquote><p>\u201cque si confiesas con tu boca que Jes\u00fas es el Se\u00f1or, y crees en tu coraz\u00f3n que Dios lo levant\u00f3 de entre los muertos, ser\u00e1s salvo. Porque con el coraz\u00f3n se cree para ser justificado, pero con la boca se confiesa para ser salvo\u201d.<br \/>\n<cite>Romanos cap. 10, versos 9-10 <\/cite><\/p><\/blockquote>\n<blockquote><p>\u201cPorque por gracia ustedes han sido salvados mediante la fe. Esto no procede de ustedes, sino que es el regalo de Dios y no por obras, para que nadie se jacte\u201d.<br \/>\n<cite>Efesios cap. 2, versos 8-9 <\/cite><\/p><\/blockquote>\n<p>Creer en Jes\u00fas es reconocer y comprender qui\u00e9n es \u00c9l y lo que hizo en la cruz, pagando el precio del pecado del hombre contra Dios para reconciliar al hombre con Dios. Recibir la gracia que Dios nos ha dado es abandonar nuestra vieja manera de vivir y, en su lugar, vivir una vida para Dios y con Dios. Podemos hacerlo leyendo la Biblia y las ense\u00f1anzas de Jes\u00fas. Aprendiendo qui\u00e9n es Dios y qu\u00e9 es importante para \u00c9l. Hablando con Dios y escuch\u00e1ndole. Y permitiendo que el Dios trino \u2014el Padre, Jes\u00fas y el Esp\u00edritu Santo\u2014 nos cambien y nos dirijan a una nueva forma de vivir.<br \/>\n<\/div><\/p>","protected":false},"excerpt":{"rendered":"<p>El Dios que cre\u00f3 el mundo te conoce y te ama. Desde el principio de los tiempos, Dios cre\u00f3 a la humanidad para que pudi\u00e9ramos tener una relaci\u00f3n con \u00c9l. Y t\u00fa no eres una excepci\u00f3n. Dios quiere tener una relaci\u00f3n contigo. \u00bfPor qu\u00e9? Porque te ama con un amor inagotable. \u00c9l te conoci\u00f3 antes&nbsp;&#8230;  <a href=\"https:\/\/esperanzarevolucion.com\/es\/about\/the-gospel\/\" title=\"Read El evangelio de Jes\u00fas\">Read more&nbsp;&#8230;<\/a><\/p>\n","protected":false},"author":1,"featured_media":25,"parent":76,"menu_order":2,"comment_status":"closed","ping_status":"closed","template":"","meta":{"footnotes":""},"class_list":["post-11","page","type-page","status-publish","has-post-thumbnail","hentry"],"_links":{"self":[{"href":"https:\/\/esperanzarevolucion.com\/es\/wp-json\/wp\/v2\/pages\/11","targetHints":{"allow":["GET"]}}],"collection":[{"href":"https:\/\/esperanzarevolucion.com\/es\/wp-json\/wp\/v2\/pages"}],"about":[{"href":"https:\/\/esperanzarevolucion.com\/es\/wp-json\/wp\/v2\/types\/page"}],"author":[{"embeddable":true,"href":"https:\/\/esperanzarevolucion.com\/es\/wp-json\/wp\/v2\/users\/1"}],"replies":[{"embeddable":true,"href":"https:\/\/esperanzarevolucion.com\/es\/wp-json\/wp\/v2\/comments?post=11"}],"version-history":[{"count":17,"href":"https:\/\/esperanzarevolucion.com\/es\/wp-json\/wp\/v2\/pages\/11\/revisions"}],"predecessor-version":[{"id":185,"href":"https:\/\/esperanzarevolucion.com\/es\/wp-json\/wp\/v2\/pages\/11\/revisions\/185"}],"up":[{"embeddable":true,"href":"https:\/\/esperanzarevolucion.com\/es\/wp-json\/wp\/v2\/pages\/76"}],"wp:featuredmedia":[{"embeddable":true,"href":"https:\/\/esperanzarevolucion.com\/es\/wp-json\/wp\/v2\/media\/25"}],"wp:attachment":[{"href":"https:\/\/esperanzarevolucion.com\/es\/wp-json\/wp\/v2\/media?parent=11"}],"curies":[{"name":"wp","href":"https:\/\/api.w.org\/{rel}","templated":true}]}}