{"id":105,"date":"2025-03-12T14:57:26","date_gmt":"2025-03-12T14:57:26","guid":{"rendered":"https:\/\/esperanzarevolucion.com\/?page_id=105"},"modified":"2025-06-05T18:23:36","modified_gmt":"2025-06-05T18:23:36","slug":"the-sacraments","status":"publish","type":"page","link":"https:\/\/esperanzarevolucion.com\/es\/roman-catholic-practices\/the-sacraments\/","title":{"rendered":"Los sacramentos"},"content":{"rendered":"<p>En la Iglesia Cat\u00f3lica Romana hay 7 sacramentos. Si bien muchos de ellos constituyen buenas pr\u00e1cticas entre t\u00fa y Dios, la Iglesia Cat\u00f3lica Romana los ha convertido err\u00f3neamente en rituales religiosos que deben ser administrados por un sacerdote para que el pueblo obtenga la gracia de Dios.<\/p>\n<p>Es importante recordar que no necesitamos que la iglesia o un sacerdote act\u00faen como mediadores entre nosotros y Dios. Cristo muri\u00f3 una vez por todas (Hebreos 7:27 y Hebreos 10:10) por nuestros pecados, por lo que no necesitamos ganarnos su perd\u00f3n una y otra vez.<\/p>\n<p>Si bien los sacramentos se basan vagamente en la Biblia, la creencia de que son una forma de obtener la gracia de Dios fue introducida por la Iglesia Cat\u00f3lica Romana en el Concilio de Trento de 1563.<\/p>\n<p>Si analizamos los 7 sacramentos uno por uno:<\/p>","protected":false},"excerpt":{"rendered":"<p>En la Iglesia Cat\u00f3lica Romana hay 7 sacramentos. Si bien muchos de ellos constituyen buenas pr\u00e1cticas entre t\u00fa y Dios, la Iglesia Cat\u00f3lica Romana los ha convertido err\u00f3neamente en rituales religiosos que deben ser administrados por un sacerdote para que el pueblo obtenga la gracia de Dios. Es importante recordar que no necesitamos que la&nbsp;&#8230;  <a href=\"https:\/\/esperanzarevolucion.com\/es\/roman-catholic-practices\/the-sacraments\/\" title=\"Read Los sacramentos\">Read more&nbsp;&#8230;<\/a><\/p>\n","protected":false},"author":1,"featured_media":159,"parent":23,"menu_order":1,"comment_status":"closed","ping_status":"closed","template":"","meta":{"footnotes":""},"class_list":["post-105","page","type-page","status-publish","has-post-thumbnail","hentry"],"_links":{"self":[{"href":"https:\/\/esperanzarevolucion.com\/es\/wp-json\/wp\/v2\/pages\/105","targetHints":{"allow":["GET"]}}],"collection":[{"href":"https:\/\/esperanzarevolucion.com\/es\/wp-json\/wp\/v2\/pages"}],"about":[{"href":"https:\/\/esperanzarevolucion.com\/es\/wp-json\/wp\/v2\/types\/page"}],"author":[{"embeddable":true,"href":"https:\/\/esperanzarevolucion.com\/es\/wp-json\/wp\/v2\/users\/1"}],"replies":[{"embeddable":true,"href":"https:\/\/esperanzarevolucion.com\/es\/wp-json\/wp\/v2\/comments?post=105"}],"version-history":[{"count":2,"href":"https:\/\/esperanzarevolucion.com\/es\/wp-json\/wp\/v2\/pages\/105\/revisions"}],"predecessor-version":[{"id":205,"href":"https:\/\/esperanzarevolucion.com\/es\/wp-json\/wp\/v2\/pages\/105\/revisions\/205"}],"up":[{"embeddable":true,"href":"https:\/\/esperanzarevolucion.com\/es\/wp-json\/wp\/v2\/pages\/23"}],"wp:featuredmedia":[{"embeddable":true,"href":"https:\/\/esperanzarevolucion.com\/es\/wp-json\/wp\/v2\/media\/159"}],"wp:attachment":[{"href":"https:\/\/esperanzarevolucion.com\/es\/wp-json\/wp\/v2\/media?parent=105"}],"curies":[{"name":"wp","href":"https:\/\/api.w.org\/{rel}","templated":true}]}}